{"id":303211,"date":"2026-01-15T18:17:29","date_gmt":"2026-01-15T15:17:29","guid":{"rendered":"https:\/\/baldumarket.lt\/product\/szafa-przesuwna-brig-120-bialy-czarny-adrk\/"},"modified":"2026-02-11T18:10:35","modified_gmt":"2026-02-11T15:10:35","slug":"szafa-przesuwna-brig-120-bialy-czarny-adrk","status":"publish","type":"product","link":"https:\/\/baldumarket.lt\/lt\/product\/szafa-przesuwna-brig-120-bialy-czarny-adrk\/","title":{"rendered":"BRIG 120 Stumdoma spinta su balta\/juoda rankena, ADRK"},"content":{"rendered":"<p>\u201eBrig\u201c \u2013 tai stumdoma spinta, kuri\u0105 galima \u012fsigyti dviej\u0173 spalv\u0173. Ji pasi\u017eymi \u012fdomiu dizainu ir funkcionalumu. Puikiai tiks \u012fvairiems interjerams. Ji turi stumdom\u0173 dur\u0173 sistem\u0105, erdvias lentynas ir drabu\u017ei\u0173 pakab\u0105. D\u0117l didesnio saugumo rekomenduojama spint\u0105 pritvirtinti prie sienos.<\/p>","protected":false},"excerpt":{"rendered":"<p>Plotis (cm): 120<br \/>\n\u016agis (cm): 221<br \/>\nGylis (cm): 60<br \/>\nAsambl\u0117ja<br \/>\nSavaranki\u0161kas surinkimas<br \/>\nProdukto svoris [kg]: 101<\/p>","protected":false},"featured_media":303212,"comment_status":"open","ping_status":"open","template":"","meta":[],"product_brand":[],"product_cat":[9201,1177],"product_tag":[],"class_list":{"0":"post-303211","1":"product","2":"type-product","3":"status-publish","4":"has-post-thumbnail","6":"product_cat-adrk-furniture","7":"product_cat-wardrobes","9":"first","10":"instock","11":"purchasable","12":"product-type-simple"},"_links":{"self":[{"href":"https:\/\/baldumarket.lt\/lt\/wp-json\/wp\/v2\/product\/303211","targetHints":{"allow":["GET"]}}],"collection":[{"href":"https:\/\/baldumarket.lt\/lt\/wp-json\/wp\/v2\/product"}],"about":[{"href":"https:\/\/baldumarket.lt\/lt\/wp-json\/wp\/v2\/types\/product"}],"replies":[{"embeddable":true,"href":"https:\/\/baldumarket.lt\/lt\/wp-json\/wp\/v2\/comments?post=303211"}],"wp:featuredmedia":[{"embeddable":true,"href":"https:\/\/baldumarket.lt\/lt\/wp-json\/wp\/v2\/media\/303212"}],"wp:attachment":[{"href":"https:\/\/baldumarket.lt\/lt\/wp-json\/wp\/v2\/media?parent=303211"}],"wp:term":[{"taxonomy":"product_brand","embeddable":true,"href":"https:\/\/baldumarket.lt\/lt\/wp-json\/wp\/v2\/product_brand?post=303211"},{"taxonomy":"product_cat","embeddable":true,"href":"https:\/\/baldumarket.lt\/lt\/wp-json\/wp\/v2\/product_cat?post=303211"},{"taxonomy":"product_tag","embeddable":true,"href":"https:\/\/baldumarket.lt\/lt\/wp-json\/wp\/v2\/product_tag?post=303211"}],"curies":[{"name":"wp","href":"https:\/\/api.w.org\/{rel}","templated":true}]}}