{"id":303139,"date":"2026-01-15T18:16:29","date_gmt":"2026-01-15T15:16:29","guid":{"rendered":"https:\/\/baldumarket.lt\/product\/drzwi-przesuwne-nascienne-malta-86-czarny-adrk\/"},"modified":"2026-02-11T18:10:37","modified_gmt":"2026-02-11T15:10:37","slug":"drzwi-przesuwne-nascienne-malta-86-czarny-adrk","status":"publish","type":"product","link":"https:\/\/baldumarket.lt\/lt\/product\/drzwi-przesuwne-nascienne-malta-86-czarny-adrk\/","title":{"rendered":"MALTA 86 juodos ADRK sienin\u0117s stumdomos durys"},"content":{"rendered":"<p>Stumdomos durys MALTA \u2013 puiki id\u0117ja optimaliam erdv\u0117s panaudojimui. Jos leid\u017eia sukurti papildomos erdv\u0117s, vizualiai j\u012f padidinant. MALTA durys priekin\u0117je pus\u0117je turi vienpus\u012f veidrod\u012f, eleganti\u0161kai atskiriant\u012f vien\u0105 kambar\u012f nuo kito. Jas galima montuoti kair\u0117je arba de\u0161in\u0117je pus\u0117je, tod\u0117l jos universalios. Taip pat galite \u012fsigyti savaiminio u\u017edarymo mechanizm\u0105, kad i\u0161vengtum\u0117te staigi\u0173 sm\u016bgi\u0173. Raginame susipa\u017einti su kitais dur\u0173 modeliais ir dyd\u017eiais.<\/p>","protected":false},"excerpt":{"rendered":"<p>Plotis (cm): 86<br \/>\n\u016agis (cm): 205<br \/>\nGylis (cm): 1,6<br \/>\nAsambl\u0117ja<br \/>\nSavaranki\u0161kas surinkimas<br \/>\nProdukto svoris [kg]: 29<\/p>","protected":false},"featured_media":303140,"comment_status":"open","ping_status":"open","template":"","meta":[],"product_brand":[],"product_cat":[9201,1330],"product_tag":[],"class_list":{"0":"post-303139","1":"product","2":"type-product","3":"status-publish","4":"has-post-thumbnail","6":"product_cat-adrk-furniture","7":"product_cat-doors","9":"first","10":"instock","11":"purchasable","12":"product-type-simple"},"_links":{"self":[{"href":"https:\/\/baldumarket.lt\/lt\/wp-json\/wp\/v2\/product\/303139","targetHints":{"allow":["GET"]}}],"collection":[{"href":"https:\/\/baldumarket.lt\/lt\/wp-json\/wp\/v2\/product"}],"about":[{"href":"https:\/\/baldumarket.lt\/lt\/wp-json\/wp\/v2\/types\/product"}],"replies":[{"embeddable":true,"href":"https:\/\/baldumarket.lt\/lt\/wp-json\/wp\/v2\/comments?post=303139"}],"wp:featuredmedia":[{"embeddable":true,"href":"https:\/\/baldumarket.lt\/lt\/wp-json\/wp\/v2\/media\/303140"}],"wp:attachment":[{"href":"https:\/\/baldumarket.lt\/lt\/wp-json\/wp\/v2\/media?parent=303139"}],"wp:term":[{"taxonomy":"product_brand","embeddable":true,"href":"https:\/\/baldumarket.lt\/lt\/wp-json\/wp\/v2\/product_brand?post=303139"},{"taxonomy":"product_cat","embeddable":true,"href":"https:\/\/baldumarket.lt\/lt\/wp-json\/wp\/v2\/product_cat?post=303139"},{"taxonomy":"product_tag","embeddable":true,"href":"https:\/\/baldumarket.lt\/lt\/wp-json\/wp\/v2\/product_tag?post=303139"}],"curies":[{"name":"wp","href":"https:\/\/api.w.org\/{rel}","templated":true}]}}