{"id":302983,"date":"2026-01-15T18:14:12","date_gmt":"2026-01-15T15:14:12","guid":{"rendered":"https:\/\/baldumarket.lt\/product\/materac-piankowy-arel-80x200-cm-adrk\/"},"modified":"2026-02-11T18:10:52","modified_gmt":"2026-02-11T15:10:52","slug":"materac-piankowy-arel-80x200-cm-adrk","status":"publish","type":"product","link":"https:\/\/baldumarket.lt\/lt\/product\/materac-piankowy-arel-80x200-cm-adrk\/","title":{"rendered":"AREL porolono \u010diu\u017einys 80\u00d7200 cm ADRK"},"content":{"rendered":"<p>AREL dvipusis \u010diu\u017einys yra labiausiai paplit\u0119s put\u0173 \u010diu\u017einio tipas. \u010ciu\u017einys u\u017epildytas auk\u0161tos kokyb\u0117s T25 poliuretano putomis, o dvi pus\u0117s yra H5 ir H3 kietumo \u2013 kietos ir vidutinio kietumo. Siekiant didesnio komforto, \u010diu\u017einys papildomai apr\u016bpintas 1 cm auk\u0161\u010dio kokoso pluo\u0161to plok\u0161te. \u0160is derinys u\u017etikrina tinkam\u0105 oro cirkuliacij\u0105 ir ger\u0105 \u0161ilumos reguliavim\u0105. Kita svarbi \u010diu\u017einio savyb\u0117 \u2013 hipoalergin\u0117s savyb\u0117s. Antialerginis, dygsniuotas u\u017evalkalas nepritraukia dulki\u0173, erku\u010di\u0173 ar kit\u0173 alergen\u0173, tod\u0117l jis labai populiarus tarp \u017emoni\u0173, linkusi\u0173 \u012f odos alergijas ir dirginim\u0105. Be to, j\u012f galima skalbti skalbimo ma\u0161inoje 40 laipsni\u0173 Celsijaus temperat\u016broje, o tai dar labiau pagerina miego higien\u0105. U\u017evalkalas turi u\u017etrauktuk\u0105, tod\u0117l j\u012f lengva nuimti ir u\u017esid\u0117ti. AREL modelis yra ne tik patogus, bet ir prieinamas u\u017e patraukli\u0105 kain\u0105.<\/p>","protected":false},"excerpt":{"rendered":"<p>Plotis (cm): 80<br \/>\nAuk\u0161tis (cm): 10<br \/>\nGylis (cm): 200<br \/>\nAsambl\u0117ja<br \/>\nSavaranki\u0161kas surinkimas<br \/>\nProdukto svoris [kg]: 7<br \/>\n\u010ciu\u017einio dydis<br \/>\n180&#215;200<\/p>","protected":false},"featured_media":302984,"comment_status":"open","ping_status":"open","template":"","meta":[],"product_brand":[],"product_cat":[9201,1099],"product_tag":[],"class_list":{"0":"post-302983","1":"product","2":"type-product","3":"status-publish","4":"has-post-thumbnail","6":"product_cat-adrk-furniture","7":"product_cat-mattresses","9":"first","10":"instock","11":"purchasable","12":"product-type-simple"},"_links":{"self":[{"href":"https:\/\/baldumarket.lt\/lt\/wp-json\/wp\/v2\/product\/302983","targetHints":{"allow":["GET"]}}],"collection":[{"href":"https:\/\/baldumarket.lt\/lt\/wp-json\/wp\/v2\/product"}],"about":[{"href":"https:\/\/baldumarket.lt\/lt\/wp-json\/wp\/v2\/types\/product"}],"replies":[{"embeddable":true,"href":"https:\/\/baldumarket.lt\/lt\/wp-json\/wp\/v2\/comments?post=302983"}],"wp:featuredmedia":[{"embeddable":true,"href":"https:\/\/baldumarket.lt\/lt\/wp-json\/wp\/v2\/media\/302984"}],"wp:attachment":[{"href":"https:\/\/baldumarket.lt\/lt\/wp-json\/wp\/v2\/media?parent=302983"}],"wp:term":[{"taxonomy":"product_brand","embeddable":true,"href":"https:\/\/baldumarket.lt\/lt\/wp-json\/wp\/v2\/product_brand?post=302983"},{"taxonomy":"product_cat","embeddable":true,"href":"https:\/\/baldumarket.lt\/lt\/wp-json\/wp\/v2\/product_cat?post=302983"},{"taxonomy":"product_tag","embeddable":true,"href":"https:\/\/baldumarket.lt\/lt\/wp-json\/wp\/v2\/product_tag?post=302983"}],"curies":[{"name":"wp","href":"https:\/\/api.w.org\/{rel}","templated":true}]}}