{"id":302931,"date":"2026-01-15T18:13:25","date_gmt":"2026-01-15T15:13:25","guid":{"rendered":"https:\/\/baldumarket.lt\/product\/materac-piankowy-carl-200x200-cm-adrk\/"},"modified":"2026-02-11T18:11:02","modified_gmt":"2026-02-11T15:11:02","slug":"materac-piankowy-carl-200x200-cm-adrk","status":"publish","type":"product","link":"https:\/\/baldumarket.lt\/lt\/product\/materac-piankowy-carl-200x200-cm-adrk\/","title":{"rendered":"CARL put\u0173 \u010diu\u017einys 200\u00d7200 cm ADRK"},"content":{"rendered":"<p>Dvipusis \u010diu\u017einys CARL yra labiausiai paplit\u0119s put\u0173 poliuretano \u010diu\u017einio tipas. Jis u\u017epildytas auk\u0161tos kokyb\u0117s T25 poliuretano putomis, i\u0161 vienos pus\u0117s padengtas septyni\u0173 zon\u0173 kont\u016briniu putplas\u010diu. 7 zon\u0173 sistema pasi\u017eymi dideliu elastingumu, suteikdama tinkam\u0105 atram\u0105 visam k\u016bnui. Kita svarbi \u010diu\u017einio savyb\u0117 \u2013 hipoalergin\u0117s savyb\u0117s. Antialerginis, dygsniuotas u\u017evalkalas nepritraukia dulki\u0173, erku\u010di\u0173 ar kit\u0173 alergen\u0173, tod\u0117l jis yra populiarus pasirinkimas tiems, kurie link\u0119 \u012f odos alergijas ir dirginim\u0105. Be to, j\u012f galima skalbti skalbimo ma\u0161inoje 40 laipsni\u0173 Celsijaus temperat\u016broje, o tai dar labiau pagerina miego higien\u0105. U\u017evalkalas turi u\u017etrauktuk\u0105, tod\u0117l j\u012f lengva nuimti ir u\u017esid\u0117ti. CARL modelis yra ne tik patogus, bet ir prieinamas u\u017e patraukli\u0105 kain\u0105.<\/p>","protected":false},"excerpt":{"rendered":"<p>Plotis (cm): 200<br \/>\n\u016agis (cm): 13<br \/>\nGylis (cm): 200<br \/>\nAsambl\u0117ja<br \/>\nSavaranki\u0161kas surinkimas<br \/>\nProdukto svoris [kg]: 18<br \/>\n\u010ciu\u017einio dydis<br \/>\n200&#215;200<\/p>","protected":false},"featured_media":302932,"comment_status":"open","ping_status":"open","template":"","meta":[],"product_brand":[],"product_cat":[9201,1099],"product_tag":[],"class_list":{"0":"post-302931","1":"product","2":"type-product","3":"status-publish","4":"has-post-thumbnail","6":"product_cat-adrk-furniture","7":"product_cat-mattresses","9":"first","10":"instock","11":"purchasable","12":"product-type-simple"},"_links":{"self":[{"href":"https:\/\/baldumarket.lt\/lt\/wp-json\/wp\/v2\/product\/302931","targetHints":{"allow":["GET"]}}],"collection":[{"href":"https:\/\/baldumarket.lt\/lt\/wp-json\/wp\/v2\/product"}],"about":[{"href":"https:\/\/baldumarket.lt\/lt\/wp-json\/wp\/v2\/types\/product"}],"replies":[{"embeddable":true,"href":"https:\/\/baldumarket.lt\/lt\/wp-json\/wp\/v2\/comments?post=302931"}],"wp:featuredmedia":[{"embeddable":true,"href":"https:\/\/baldumarket.lt\/lt\/wp-json\/wp\/v2\/media\/302932"}],"wp:attachment":[{"href":"https:\/\/baldumarket.lt\/lt\/wp-json\/wp\/v2\/media?parent=302931"}],"wp:term":[{"taxonomy":"product_brand","embeddable":true,"href":"https:\/\/baldumarket.lt\/lt\/wp-json\/wp\/v2\/product_brand?post=302931"},{"taxonomy":"product_cat","embeddable":true,"href":"https:\/\/baldumarket.lt\/lt\/wp-json\/wp\/v2\/product_cat?post=302931"},{"taxonomy":"product_tag","embeddable":true,"href":"https:\/\/baldumarket.lt\/lt\/wp-json\/wp\/v2\/product_tag?post=302931"}],"curies":[{"name":"wp","href":"https:\/\/api.w.org\/{rel}","templated":true}]}}