{"id":302907,"date":"2026-01-15T18:13:04","date_gmt":"2026-01-15T15:13:04","guid":{"rendered":"https:\/\/baldumarket.lt\/product\/topper-t25-180x200-cm-adrk\/"},"modified":"2026-02-11T18:11:03","modified_gmt":"2026-02-11T15:11:03","slug":"topper-t25-180x200-cm-adrk","status":"publish","type":"product","link":"https:\/\/baldumarket.lt\/lt\/product\/topper-t25-180x200-cm-adrk\/","title":{"rendered":"Ant\u010diu\u017einis T25 180\u00d7200 cm ADRK"},"content":{"rendered":"<p>T25 ant\u010diu\u017einis yra 5 cm storio \u010diu\u017einio u\u017etiesalas, pagamintas i\u0161 vidutinio mink\u0161tumo H2 kietumo T25 put\u0173. Jis suteikia atram\u0105 ir komfort\u0105 visam k\u016bnui. Kita svarbi \u010diu\u017einio savyb\u0117 \u2013 hipoalergin\u0117s savyb\u0117s. Antialerginis, dygsniuotas u\u017evalkalas nepritraukia dulki\u0173, erku\u010di\u0173 ar kit\u0173 alergen\u0173, tod\u0117l jis yra populiarus pasirinkimas tiems, kurie link\u0119 \u012f odos alergijas ir sudirgimus. J\u012f taip pat galima skalbti skalbimo ma\u0161inoje 40 laipsni\u0173 Celsijaus temperat\u016broje, o tai dar labiau pagerina miego higien\u0105. U\u017evalkalas turi u\u017etrauktuk\u0105, tod\u0117l j\u012f lengva nuimti ir u\u017esid\u0117ti. T25 ant\u010diu\u017einis yra ne tik patogus, bet ir prieinamas u\u017e patraukli\u0105 kain\u0105.<\/p>","protected":false},"excerpt":{"rendered":"<p>Plotis (cm): 180<br \/>\n\u016agis (cm): 5<br \/>\nGylis (cm): 200<br \/>\nAsambl\u0117ja<br \/>\nSavaranki\u0161kas surinkimas<br \/>\nProdukto svoris [kg]: 8<br \/>\n\u010ciu\u017einio dydis<br \/>\n180&#215;200<\/p>","protected":false},"featured_media":302908,"comment_status":"open","ping_status":"open","template":"","meta":[],"product_brand":[],"product_cat":[9201,1099],"product_tag":[],"class_list":{"0":"post-302907","1":"product","2":"type-product","3":"status-publish","4":"has-post-thumbnail","6":"product_cat-adrk-furniture","7":"product_cat-mattresses","9":"first","10":"instock","11":"purchasable","12":"product-type-simple"},"_links":{"self":[{"href":"https:\/\/baldumarket.lt\/lt\/wp-json\/wp\/v2\/product\/302907","targetHints":{"allow":["GET"]}}],"collection":[{"href":"https:\/\/baldumarket.lt\/lt\/wp-json\/wp\/v2\/product"}],"about":[{"href":"https:\/\/baldumarket.lt\/lt\/wp-json\/wp\/v2\/types\/product"}],"replies":[{"embeddable":true,"href":"https:\/\/baldumarket.lt\/lt\/wp-json\/wp\/v2\/comments?post=302907"}],"wp:featuredmedia":[{"embeddable":true,"href":"https:\/\/baldumarket.lt\/lt\/wp-json\/wp\/v2\/media\/302908"}],"wp:attachment":[{"href":"https:\/\/baldumarket.lt\/lt\/wp-json\/wp\/v2\/media?parent=302907"}],"wp:term":[{"taxonomy":"product_brand","embeddable":true,"href":"https:\/\/baldumarket.lt\/lt\/wp-json\/wp\/v2\/product_brand?post=302907"},{"taxonomy":"product_cat","embeddable":true,"href":"https:\/\/baldumarket.lt\/lt\/wp-json\/wp\/v2\/product_cat?post=302907"},{"taxonomy":"product_tag","embeddable":true,"href":"https:\/\/baldumarket.lt\/lt\/wp-json\/wp\/v2\/product_tag?post=302907"}],"curies":[{"name":"wp","href":"https:\/\/api.w.org\/{rel}","templated":true}]}}