{"id":302887,"date":"2026-01-15T18:12:47","date_gmt":"2026-01-15T15:12:47","guid":{"rendered":"https:\/\/baldumarket.lt\/product\/materac-bonellowy-prestin-140x200-cm-adrk\/"},"modified":"2026-02-11T18:11:03","modified_gmt":"2026-02-11T15:11:03","slug":"materac-bonellowy-prestin-140x200-cm-adrk","status":"publish","type":"product","link":"https:\/\/baldumarket.lt\/lt\/product\/materac-bonellowy-prestin-140x200-cm-adrk\/","title":{"rendered":"PRESTIN Bonnell spyruoklinis \u010diu\u017einys 140\u00d7200 cm ADRK"},"content":{"rendered":"<p>PRESTIN Bonnell spyruoklinis \u010diu\u017einys pagamintas i\u0161 Bonnell spyruokli\u0173, kuri\u0173 pagrindinis privalumas \u2013 pavir\u0161iaus elastingumas, tod\u0117l jis tinka visiems. Be to, \u010diu\u017einys u\u017epildytas auk\u0161tos kokyb\u0117s T25 poliuretano putomis, kuri\u0173 dvi pus\u0117s yra H5 ir H3 kietumo \u2013 kietos ir vidutinio kietumo. Siekiant padidinti komfort\u0105, PRESTIN modelis yra pagamintas i\u0161 1 cm storio kokoso pluo\u0161to plok\u0161t\u0117s. \u0160is derinys u\u017etikrina ger\u0105 patvarum\u0105 ir oro cirkuliacij\u0105. Kita svarbi savyb\u0117 \u2013 hipoalergin\u0117s savyb\u0117s. Antialerginis, dygsniuotas u\u017evalkalas nepritraukia dulki\u0173, erku\u010di\u0173 ar kit\u0173 alergen\u0173, tod\u0117l jis labai populiarus tarp \u017emoni\u0173, linkusi\u0173 \u012f odos alergijas ir dirginim\u0105. Be to, j\u012f galima skalbti skalbimo ma\u0161inoje 40 laipsni\u0173 Celsijaus temperat\u016broje, o tai dar labiau palengvina tinkam\u0105 miego higien\u0105. U\u017evalkalas turi u\u017etrauktuk\u0105, tod\u0117l j\u012f lengva nuimti ir u\u017esid\u0117ti.<\/p>","protected":false},"excerpt":{"rendered":"<p>Plotis (cm): 140<br \/>\n\u016agis (cm): 18<br \/>\nGylis (cm): 200<br \/>\nAsambl\u0117ja<br \/>\nSavaranki\u0161kas surinkimas<br \/>\nProdukto svoris [kg]: 17<br \/>\n\u010ciu\u017einio dydis<br \/>\n140&#215;200<\/p>","protected":false},"featured_media":302888,"comment_status":"open","ping_status":"open","template":"","meta":[],"product_brand":[],"product_cat":[9201,1099],"product_tag":[],"class_list":{"0":"post-302887","1":"product","2":"type-product","3":"status-publish","4":"has-post-thumbnail","6":"product_cat-adrk-furniture","7":"product_cat-mattresses","9":"first","10":"instock","11":"purchasable","12":"product-type-simple"},"_links":{"self":[{"href":"https:\/\/baldumarket.lt\/lt\/wp-json\/wp\/v2\/product\/302887","targetHints":{"allow":["GET"]}}],"collection":[{"href":"https:\/\/baldumarket.lt\/lt\/wp-json\/wp\/v2\/product"}],"about":[{"href":"https:\/\/baldumarket.lt\/lt\/wp-json\/wp\/v2\/types\/product"}],"replies":[{"embeddable":true,"href":"https:\/\/baldumarket.lt\/lt\/wp-json\/wp\/v2\/comments?post=302887"}],"wp:featuredmedia":[{"embeddable":true,"href":"https:\/\/baldumarket.lt\/lt\/wp-json\/wp\/v2\/media\/302888"}],"wp:attachment":[{"href":"https:\/\/baldumarket.lt\/lt\/wp-json\/wp\/v2\/media?parent=302887"}],"wp:term":[{"taxonomy":"product_brand","embeddable":true,"href":"https:\/\/baldumarket.lt\/lt\/wp-json\/wp\/v2\/product_brand?post=302887"},{"taxonomy":"product_cat","embeddable":true,"href":"https:\/\/baldumarket.lt\/lt\/wp-json\/wp\/v2\/product_cat?post=302887"},{"taxonomy":"product_tag","embeddable":true,"href":"https:\/\/baldumarket.lt\/lt\/wp-json\/wp\/v2\/product_tag?post=302887"}],"curies":[{"name":"wp","href":"https:\/\/api.w.org\/{rel}","templated":true}]}}