{"id":302859,"date":"2026-01-15T18:12:19","date_gmt":"2026-01-15T15:12:19","guid":{"rendered":"https:\/\/baldumarket.lt\/product\/topper-hr-140x200-cm-adrk\/"},"modified":"2026-02-11T18:11:04","modified_gmt":"2026-02-11T15:11:04","slug":"topper-hr-140x200-cm-adrk","status":"publish","type":"product","link":"https:\/\/baldumarket.lt\/lt\/product\/topper-hr-140x200-cm-adrk\/","title":{"rendered":"Ant\u010diu\u017einis HR 140\u00d7200 cm ADRK"},"content":{"rendered":"<p>\u201eHR Topper\u201c \u2013 tai 5 cm storio \u010diu\u017einio u\u017etiesalas, pagamintas i\u0161 vidutinio mink\u0161tumo H2 kietumo HR put\u0173. HR putos pasi\u017eymi nelygia strukt\u016bra ir dideliu poringumu, tod\u0117l yra lengvos ir patogios, be to, u\u017etikrina puiki\u0105 ventiliacij\u0105 ir higieni\u0161k\u0105 miego aplink\u0105. HR putos dvigubai grei\u010diau atgauna pradin\u0119 form\u0105, palaikydamos stubur\u0105 kei\u010diant miegojimo pad\u0117t\u012f. Kita svarbi \u010diu\u017einio savyb\u0117 \u2013 hipoalergin\u0117s savyb\u0117s. Antialerginis, dygsniuotas u\u017evalkalas nepritraukia dulki\u0173, erku\u010di\u0173 ar kit\u0173 alergen\u0173, tod\u0117l jis yra populiarus pasirinkimas tiems, kurie link\u0119 \u012f odos alergijas ir dirginim\u0105. J\u012f taip pat galima skalbti skalbimo ma\u0161inoje 40 laipsni\u0173 Celsijaus temperat\u016broje, o tai dar labiau pagerina miego higien\u0105. U\u017evalkalas turi u\u017etrauktuk\u0105, tod\u0117l j\u012f lengva nuimti ir u\u017esid\u0117ti.<\/p>","protected":false},"excerpt":{"rendered":"<p>Plotis (cm): 140<br \/>\n\u016agis (cm): 5<br \/>\nGylis (cm): 200<br \/>\nAsambl\u0117ja<br \/>\nSavaranki\u0161kas surinkimas<br \/>\nProdukto svoris [kg]: 9<br \/>\n\u010ciu\u017einio dydis<br \/>\n140&#215;200<\/p>","protected":false},"featured_media":302860,"comment_status":"open","ping_status":"open","template":"","meta":[],"product_brand":[],"product_cat":[9201,1099],"product_tag":[],"class_list":{"0":"post-302859","1":"product","2":"type-product","3":"status-publish","4":"has-post-thumbnail","6":"product_cat-adrk-furniture","7":"product_cat-mattresses","9":"first","10":"instock","11":"purchasable","12":"product-type-simple"},"_links":{"self":[{"href":"https:\/\/baldumarket.lt\/lt\/wp-json\/wp\/v2\/product\/302859","targetHints":{"allow":["GET"]}}],"collection":[{"href":"https:\/\/baldumarket.lt\/lt\/wp-json\/wp\/v2\/product"}],"about":[{"href":"https:\/\/baldumarket.lt\/lt\/wp-json\/wp\/v2\/types\/product"}],"replies":[{"embeddable":true,"href":"https:\/\/baldumarket.lt\/lt\/wp-json\/wp\/v2\/comments?post=302859"}],"wp:featuredmedia":[{"embeddable":true,"href":"https:\/\/baldumarket.lt\/lt\/wp-json\/wp\/v2\/media\/302860"}],"wp:attachment":[{"href":"https:\/\/baldumarket.lt\/lt\/wp-json\/wp\/v2\/media?parent=302859"}],"wp:term":[{"taxonomy":"product_brand","embeddable":true,"href":"https:\/\/baldumarket.lt\/lt\/wp-json\/wp\/v2\/product_brand?post=302859"},{"taxonomy":"product_cat","embeddable":true,"href":"https:\/\/baldumarket.lt\/lt\/wp-json\/wp\/v2\/product_cat?post=302859"},{"taxonomy":"product_tag","embeddable":true,"href":"https:\/\/baldumarket.lt\/lt\/wp-json\/wp\/v2\/product_tag?post=302859"}],"curies":[{"name":"wp","href":"https:\/\/api.w.org\/{rel}","templated":true}]}}