{"id":302819,"date":"2026-01-15T18:11:40","date_gmt":"2026-01-15T15:11:40","guid":{"rendered":"https:\/\/baldumarket.lt\/product\/materac-kieszeniowy-monti-200x200cm-adrk\/"},"modified":"2026-02-11T18:11:05","modified_gmt":"2026-02-11T15:11:05","slug":"materac-kieszeniowy-monti-200x200cm-adrk","status":"publish","type":"product","link":"https:\/\/baldumarket.lt\/lt\/product\/materac-kieszeniowy-monti-200x200cm-adrk\/","title":{"rendered":"MONTI ki\u0161eninis \u010diu\u017einys 200\u00d7200 cm ADRK"},"content":{"rendered":"<p>MONTI ki\u0161enini\u0173 spyruokli\u0173 \u010diu\u017einys pasi\u017eymi dideliu elastingumu ir specifine k\u016bno atrama miego metu, kuri suma\u017eina stuburo apkrov\u0105 ir u\u017etikrina geresn\u012f poils\u012f. \u010ciu\u017einys u\u017epildytas auk\u0161tos kokyb\u0117s T25 poliuretano putomis, kuri\u0173 kietumo lygis yra H3 \u2013 vidutinio kietumo. Antialerginis, dygsniuotas u\u017evalkalas nepritraukia dulki\u0173, erku\u010di\u0173 ar kit\u0173 alergen\u0173, tod\u0117l yra labai populiarus tarp \u017emoni\u0173, linkusi\u0173 \u012f odos alergijas ir dirginim\u0105. Be to, j\u012f galima skalbti skalbimo ma\u0161inoje 40 laipsni\u0173 Celsijaus temperat\u016broje, o tai dar labiau palengvina tinkam\u0105 miego higien\u0105. U\u017evalkalas turi u\u017etrauktuk\u0105, tod\u0117l j\u012f lengva nuimti ir u\u017esid\u0117ti.<\/p>","protected":false},"excerpt":{"rendered":"<p>Plotis (cm): 200<br \/>\n\u016agis (cm): 18<br \/>\nGylis (cm): 200<br \/>\nAsambl\u0117ja<br \/>\nSavaranki\u0161kas surinkimas<br \/>\nProdukto svoris [kg]: 31<br \/>\n\u010ciu\u017einio dydis<br \/>\n200&#215;200<\/p>","protected":false},"featured_media":302820,"comment_status":"open","ping_status":"open","template":"","meta":[],"product_brand":[],"product_cat":[9201,1099],"product_tag":[],"class_list":{"0":"post-302819","1":"product","2":"type-product","3":"status-publish","4":"has-post-thumbnail","6":"product_cat-adrk-furniture","7":"product_cat-mattresses","9":"first","10":"instock","11":"purchasable","12":"product-type-simple"},"_links":{"self":[{"href":"https:\/\/baldumarket.lt\/lt\/wp-json\/wp\/v2\/product\/302819","targetHints":{"allow":["GET"]}}],"collection":[{"href":"https:\/\/baldumarket.lt\/lt\/wp-json\/wp\/v2\/product"}],"about":[{"href":"https:\/\/baldumarket.lt\/lt\/wp-json\/wp\/v2\/types\/product"}],"replies":[{"embeddable":true,"href":"https:\/\/baldumarket.lt\/lt\/wp-json\/wp\/v2\/comments?post=302819"}],"wp:featuredmedia":[{"embeddable":true,"href":"https:\/\/baldumarket.lt\/lt\/wp-json\/wp\/v2\/media\/302820"}],"wp:attachment":[{"href":"https:\/\/baldumarket.lt\/lt\/wp-json\/wp\/v2\/media?parent=302819"}],"wp:term":[{"taxonomy":"product_brand","embeddable":true,"href":"https:\/\/baldumarket.lt\/lt\/wp-json\/wp\/v2\/product_brand?post=302819"},{"taxonomy":"product_cat","embeddable":true,"href":"https:\/\/baldumarket.lt\/lt\/wp-json\/wp\/v2\/product_cat?post=302819"},{"taxonomy":"product_tag","embeddable":true,"href":"https:\/\/baldumarket.lt\/lt\/wp-json\/wp\/v2\/product_tag?post=302819"}],"curies":[{"name":"wp","href":"https:\/\/api.w.org\/{rel}","templated":true}]}}