{"id":302799,"date":"2026-01-15T18:11:20","date_gmt":"2026-01-15T15:11:20","guid":{"rendered":"https:\/\/baldumarket.lt\/product\/materac-kieszeniowy-neva-160x200cm-adrk\/"},"modified":"2026-02-11T18:11:06","modified_gmt":"2026-02-11T15:11:06","slug":"materac-kieszeniowy-neva-160x200cm-adrk","status":"publish","type":"product","link":"https:\/\/baldumarket.lt\/lt\/product\/materac-kieszeniowy-neva-160x200cm-adrk\/","title":{"rendered":"NEVA ki\u0161eninis \u010diu\u017einys 160x200cm ADRK"},"content":{"rendered":"<p>NEVA ki\u0161enini\u0173 spyruokli\u0173 \u010diu\u017einys pasi\u017eymi dideliu elastingumu ir specifine k\u016bno atrama miego metu, kuri suma\u017eina stuburo apkrov\u0105 ir u\u017etikrina geresn\u012f poils\u012f. \u010ciu\u017einys u\u017epildytas auk\u0161tos kokyb\u0117s T25 poliuretano putomis, kuri\u0173 dvi pus\u0117s yra H5 ir H3 kietumo \u2013 kietos ir vidutinio kietumo. Siekiant padidinti komfort\u0105, NEVA modelis yra padengtas 1 cm storio kokoso pluo\u0161to plok\u0161te. \u0160is derinys u\u017etikrina ger\u0105 patvarum\u0105 ir oro cirkuliacij\u0105. Kita svarbi savyb\u0117 \u2013 hipoalergin\u0117s savyb\u0117s. Antialerginis, dygsniuotas u\u017evalkalas nepritraukia dulki\u0173, erku\u010di\u0173 ar kit\u0173 alergen\u0173, tod\u0117l jis labai populiarus tarp \u017emoni\u0173, linkusi\u0173 \u012f odos alergijas ir dirginim\u0105. Be to, j\u012f galima skalbti skalbimo ma\u0161inoje 40 laipsni\u0173 Celsijaus temperat\u016broje, o tai dar labiau palengvina tinkam\u0105 miego higien\u0105. U\u017evalkalas turi u\u017etrauktuk\u0105, tod\u0117l j\u012f lengva nuimti ir u\u017esid\u0117ti. NEVA modelis tiekiamas \u0161i\u0173 matmen\u0173: 80\/90\/120\/140\/160\/180\/200 x 200 cm.<\/p>","protected":false},"excerpt":{"rendered":"<p>Plotis (cm): 160<br \/>\n\u016agis (cm): 19<br \/>\nGylis (cm): 200<br \/>\nAsambl\u0117ja<br \/>\nSavaranki\u0161kas surinkimas<br \/>\nProdukto svoris [kg]: 27<br \/>\n\u010ciu\u017einio dydis<br \/>\n160&#215;200<\/p>","protected":false},"featured_media":302800,"comment_status":"open","ping_status":"open","template":"","meta":[],"product_brand":[],"product_cat":[9201,1099],"product_tag":[],"class_list":{"0":"post-302799","1":"product","2":"type-product","3":"status-publish","4":"has-post-thumbnail","6":"product_cat-adrk-furniture","7":"product_cat-mattresses","9":"first","10":"instock","11":"purchasable","12":"product-type-simple"},"_links":{"self":[{"href":"https:\/\/baldumarket.lt\/lt\/wp-json\/wp\/v2\/product\/302799","targetHints":{"allow":["GET"]}}],"collection":[{"href":"https:\/\/baldumarket.lt\/lt\/wp-json\/wp\/v2\/product"}],"about":[{"href":"https:\/\/baldumarket.lt\/lt\/wp-json\/wp\/v2\/types\/product"}],"replies":[{"embeddable":true,"href":"https:\/\/baldumarket.lt\/lt\/wp-json\/wp\/v2\/comments?post=302799"}],"wp:featuredmedia":[{"embeddable":true,"href":"https:\/\/baldumarket.lt\/lt\/wp-json\/wp\/v2\/media\/302800"}],"wp:attachment":[{"href":"https:\/\/baldumarket.lt\/lt\/wp-json\/wp\/v2\/media?parent=302799"}],"wp:term":[{"taxonomy":"product_brand","embeddable":true,"href":"https:\/\/baldumarket.lt\/lt\/wp-json\/wp\/v2\/product_brand?post=302799"},{"taxonomy":"product_cat","embeddable":true,"href":"https:\/\/baldumarket.lt\/lt\/wp-json\/wp\/v2\/product_cat?post=302799"},{"taxonomy":"product_tag","embeddable":true,"href":"https:\/\/baldumarket.lt\/lt\/wp-json\/wp\/v2\/product_tag?post=302799"}],"curies":[{"name":"wp","href":"https:\/\/api.w.org\/{rel}","templated":true}]}}