{"id":302767,"date":"2026-01-15T18:10:50","date_gmt":"2026-01-15T15:10:50","guid":{"rendered":"https:\/\/baldumarket.lt\/product\/materac-kieszeniowy-multipocket-dako-180x200cm-adrk\/"},"modified":"2026-02-11T18:11:07","modified_gmt":"2026-02-11T15:11:07","slug":"materac-kieszeniowy-multipocket-dako-180x200cm-adrk","status":"publish","type":"product","link":"https:\/\/baldumarket.lt\/lt\/product\/materac-kieszeniowy-multipocket-dako-180x200cm-adrk\/","title":{"rendered":"DAKO daugiaki\u0161enis \u010diu\u017einys 180x200cm ADRK"},"content":{"rendered":"<p>DAKO daugiaki\u0161enis \u010diu\u017einys naudoja daug spyruokli\u0173, tod\u0117l puikiai prisitaiko prie k\u016bno ir suteikia tinkam\u0105 atram\u0105, pad\u0117damas i\u0161laikyti taisykling\u0105 laikysen\u0105. D\u0117l didelio elastingumo DAKO \u010diu\u017einys yra atsparus deformacijai, tod\u0117l tarnauja ilgai. \u010ciu\u017einys u\u017epildytas auk\u0161tos kokyb\u0117s T25 poliuretano putomis, turin\u010diomis du kietumo lygius: H5 ir H4 \u2013 kiet\u0105 ir ypa\u010d kiet\u0105. Siekiant padidinti komfort\u0105, DAKO modelis yra apr\u016bpintas 1 cm storio kokoso pluo\u0161to plok\u0161te. \u0160is derinys u\u017etikrina puik\u0173 patvarum\u0105 ir oro cirkuliacij\u0105. Kita svarbi savyb\u0117 \u2013 hipoalergin\u0117s savyb\u0117s. Antialerginis, dygsniuotas u\u017evalkalas nepritraukia dulki\u0173, erku\u010di\u0173 ar kit\u0173 alergen\u0173, tod\u0117l jis yra populiarus pasirinkimas tiems, kurie link\u0119 \u012f odos alergijas ir dirginim\u0105. Be to, j\u012f galima skalbti skalbimo ma\u0161inoje 40 laipsni\u0173 Celsijaus temperat\u016broje, o tai dar labiau palengvina tinkam\u0105 miego higien\u0105. U\u017evalkalas turi u\u017etrauktuk\u0105, tod\u0117l j\u012f lengva nuimti ir u\u017esid\u0117ti.<\/p>","protected":false},"excerpt":{"rendered":"<p>Plotis (cm): 180<br \/>\n\u016agis (cm): 19<br \/>\nGylis (cm): 200<br \/>\nAsambl\u0117ja<br \/>\nSavaranki\u0161kas surinkimas<br \/>\nProdukto svoris [kg]: 32<br \/>\n\u010ciu\u017einio dydis<br \/>\n180&#215;200<\/p>","protected":false},"featured_media":302768,"comment_status":"open","ping_status":"open","template":"","meta":[],"product_brand":[],"product_cat":[9201,1099],"product_tag":[],"class_list":{"0":"post-302767","1":"product","2":"type-product","3":"status-publish","4":"has-post-thumbnail","6":"product_cat-adrk-furniture","7":"product_cat-mattresses","9":"first","10":"instock","11":"purchasable","12":"product-type-simple"},"_links":{"self":[{"href":"https:\/\/baldumarket.lt\/lt\/wp-json\/wp\/v2\/product\/302767","targetHints":{"allow":["GET"]}}],"collection":[{"href":"https:\/\/baldumarket.lt\/lt\/wp-json\/wp\/v2\/product"}],"about":[{"href":"https:\/\/baldumarket.lt\/lt\/wp-json\/wp\/v2\/types\/product"}],"replies":[{"embeddable":true,"href":"https:\/\/baldumarket.lt\/lt\/wp-json\/wp\/v2\/comments?post=302767"}],"wp:featuredmedia":[{"embeddable":true,"href":"https:\/\/baldumarket.lt\/lt\/wp-json\/wp\/v2\/media\/302768"}],"wp:attachment":[{"href":"https:\/\/baldumarket.lt\/lt\/wp-json\/wp\/v2\/media?parent=302767"}],"wp:term":[{"taxonomy":"product_brand","embeddable":true,"href":"https:\/\/baldumarket.lt\/lt\/wp-json\/wp\/v2\/product_brand?post=302767"},{"taxonomy":"product_cat","embeddable":true,"href":"https:\/\/baldumarket.lt\/lt\/wp-json\/wp\/v2\/product_cat?post=302767"},{"taxonomy":"product_tag","embeddable":true,"href":"https:\/\/baldumarket.lt\/lt\/wp-json\/wp\/v2\/product_tag?post=302767"}],"curies":[{"name":"wp","href":"https:\/\/api.w.org\/{rel}","templated":true}]}}