{"id":302735,"date":"2026-01-15T18:10:24","date_gmt":"2026-01-15T15:10:24","guid":{"rendered":"https:\/\/baldumarket.lt\/product\/materac-kieszeniowy-multipocket-kali-200x200cm-adrk\/"},"modified":"2026-02-11T18:11:08","modified_gmt":"2026-02-11T15:11:08","slug":"materac-kieszeniowy-multipocket-kali-200x200cm-adrk","status":"publish","type":"product","link":"https:\/\/baldumarket.lt\/lt\/product\/materac-kieszeniowy-multipocket-kali-200x200cm-adrk\/","title":{"rendered":"KALI keli\u0173 ki\u0161eni\u0173 \u010diu\u017einys 200x200cm ADRK"},"content":{"rendered":"<p>KALI daugiaki\u0161enis \u010diu\u017einys pasi\u017eymi daugybe spyruokli\u0173, kurios leid\u017eia jam idealiai prisitaikyti prie k\u016bno ir suteikti tinkam\u0105 atram\u0105, padedant i\u0161laikyti taisykling\u0105 laikysen\u0105. D\u0117l didelio elastingumo KALI \u010diu\u017einys yra atsparus deformacijai, tod\u0117l tarnauja ilgai. \u010ciu\u017einys u\u017epildytas auk\u0161tos kokyb\u0117s T25 poliuretano putomis, turin\u010diomis du kietumo lygius: H3 ir H5 \u2013 vidutinio ir itin kieto. Siekiant padidinti komfort\u0105, KALI modelis yra pagamintas i\u0161 1 cm storio kokoso pluo\u0161to plok\u0161t\u0117s ir latekso sluoksnio. \u0160is derinys u\u017etikrina puik\u0173 patvarum\u0105 ir oro cirkuliacij\u0105. Kita svarbi savyb\u0117 \u2013 hipoalergin\u0117s savyb\u0117s. Antialerginis, dygsniuotas u\u017evalkalas nepritraukia dulki\u0173, erku\u010di\u0173 ar kit\u0173 alergen\u0173, tod\u0117l jis yra populiarus pasirinkimas tiems, kurie link\u0119 \u012f odos alergijas ir dirginim\u0105. Be to, j\u012f galima skalbti skalbimo ma\u0161inoje 40 laipsni\u0173 Celsijaus temperat\u016broje, o tai dar labiau palengvina tinkam\u0105 miego higien\u0105. U\u017evalkalas turi u\u017etrauktuk\u0105, tod\u0117l j\u012f lengva nuimti ir u\u017esid\u0117ti.<\/p>","protected":false},"excerpt":{"rendered":"<p>Plotis (cm): 200<br \/>\n\u016agis (cm): 20<br \/>\nGylis (cm): 200<br \/>\nAsambl\u0117ja<br \/>\nSavaranki\u0161kas surinkimas<br \/>\nProdukto svoris [kg]: 41<br \/>\n\u010ciu\u017einio dydis<br \/>\n200&#215;200<\/p>","protected":false},"featured_media":302736,"comment_status":"open","ping_status":"open","template":"","meta":[],"product_brand":[],"product_cat":[9201,1099],"product_tag":[],"class_list":{"0":"post-302735","1":"product","2":"type-product","3":"status-publish","4":"has-post-thumbnail","6":"product_cat-adrk-furniture","7":"product_cat-mattresses","9":"first","10":"instock","11":"purchasable","12":"product-type-simple"},"_links":{"self":[{"href":"https:\/\/baldumarket.lt\/lt\/wp-json\/wp\/v2\/product\/302735","targetHints":{"allow":["GET"]}}],"collection":[{"href":"https:\/\/baldumarket.lt\/lt\/wp-json\/wp\/v2\/product"}],"about":[{"href":"https:\/\/baldumarket.lt\/lt\/wp-json\/wp\/v2\/types\/product"}],"replies":[{"embeddable":true,"href":"https:\/\/baldumarket.lt\/lt\/wp-json\/wp\/v2\/comments?post=302735"}],"wp:featuredmedia":[{"embeddable":true,"href":"https:\/\/baldumarket.lt\/lt\/wp-json\/wp\/v2\/media\/302736"}],"wp:attachment":[{"href":"https:\/\/baldumarket.lt\/lt\/wp-json\/wp\/v2\/media?parent=302735"}],"wp:term":[{"taxonomy":"product_brand","embeddable":true,"href":"https:\/\/baldumarket.lt\/lt\/wp-json\/wp\/v2\/product_brand?post=302735"},{"taxonomy":"product_cat","embeddable":true,"href":"https:\/\/baldumarket.lt\/lt\/wp-json\/wp\/v2\/product_cat?post=302735"},{"taxonomy":"product_tag","embeddable":true,"href":"https:\/\/baldumarket.lt\/lt\/wp-json\/wp\/v2\/product_tag?post=302735"}],"curies":[{"name":"wp","href":"https:\/\/api.w.org\/{rel}","templated":true}]}}