{"id":302539,"date":"2026-01-15T18:07:46","date_gmt":"2026-01-15T15:07:46","guid":{"rendered":"https:\/\/baldumarket.lt\/product\/stolik-kawowy-2w1-etta-czarny-bialy-adrk\/"},"modified":"2026-02-11T18:11:12","modified_gmt":"2026-02-11T15:11:12","slug":"stolik-kawowy-2w1-etta-czarny-bialy-adrk","status":"publish","type":"product","link":"https:\/\/baldumarket.lt\/lt\/product\/stolik-kawowy-2w1-etta-czarny-bialy-adrk\/","title":{"rendered":"ETTA 2 viename kavos staliukas, juodas\/baltas, ADRK"},"content":{"rendered":"<p>ETTA kavos staliuk\u0173 komplektas pasi\u017eymi tvirtu, patvariu vieliniu r\u0117mu ir laminuotos plok\u0161t\u0117s stalvir\u0161iu. ETTA \u2013 puiki vieta atsipalaiduoti su puodeliu kavos. Paprastas, ta\u010diau unikalus dizainas papildo bet kok\u012f interjer\u0105.<\/p>","protected":false},"excerpt":{"rendered":"<p>Plotis (cm): 75<br \/>\n\u016agis (cm): 43<br \/>\nGylis (cm): 75<br \/>\nAsambl\u0117ja<br \/>\nSavaranki\u0161kas surinkimas<br \/>\nProdukto svoris [kg]: 14,9<br \/>\nStalvir\u0161io forma<br \/>\nApvalus<\/p>","protected":false},"featured_media":302540,"comment_status":"open","ping_status":"open","template":"","meta":[],"product_brand":[],"product_cat":[9201,866],"product_tag":[],"class_list":{"0":"post-302539","1":"product","2":"type-product","3":"status-publish","4":"has-post-thumbnail","6":"product_cat-adrk-furniture","7":"product_cat-coffee-tables","9":"first","10":"instock","11":"purchasable","12":"product-type-simple"},"_links":{"self":[{"href":"https:\/\/baldumarket.lt\/lt\/wp-json\/wp\/v2\/product\/302539","targetHints":{"allow":["GET"]}}],"collection":[{"href":"https:\/\/baldumarket.lt\/lt\/wp-json\/wp\/v2\/product"}],"about":[{"href":"https:\/\/baldumarket.lt\/lt\/wp-json\/wp\/v2\/types\/product"}],"replies":[{"embeddable":true,"href":"https:\/\/baldumarket.lt\/lt\/wp-json\/wp\/v2\/comments?post=302539"}],"wp:featuredmedia":[{"embeddable":true,"href":"https:\/\/baldumarket.lt\/lt\/wp-json\/wp\/v2\/media\/302540"}],"wp:attachment":[{"href":"https:\/\/baldumarket.lt\/lt\/wp-json\/wp\/v2\/media?parent=302539"}],"wp:term":[{"taxonomy":"product_brand","embeddable":true,"href":"https:\/\/baldumarket.lt\/lt\/wp-json\/wp\/v2\/product_brand?post=302539"},{"taxonomy":"product_cat","embeddable":true,"href":"https:\/\/baldumarket.lt\/lt\/wp-json\/wp\/v2\/product_cat?post=302539"},{"taxonomy":"product_tag","embeddable":true,"href":"https:\/\/baldumarket.lt\/lt\/wp-json\/wp\/v2\/product_tag?post=302539"}],"curies":[{"name":"wp","href":"https:\/\/api.w.org\/{rel}","templated":true}]}}