{"id":302375,"date":"2026-01-15T18:05:26","date_gmt":"2026-01-15T15:05:26","guid":{"rendered":"https:\/\/baldumarket.lt\/product\/stolik-pomocniczy-spark-bialy-czarny-adrk\/"},"modified":"2026-02-11T18:11:33","modified_gmt":"2026-02-11T15:11:33","slug":"stolik-pomocniczy-spark-bialy-czarny-adrk","status":"publish","type":"product","link":"https:\/\/baldumarket.lt\/lt\/product\/stolik-pomocniczy-spark-bialy-czarny-adrk\/","title":{"rendered":"SPARK \u0161oninis staliukas, baltas\/juodas, ADRK"},"content":{"rendered":"<p>SPARK \u0161oninis staliukas yra puikus sprendimas, jei ie\u0161kote patogios ir mobilios darbo vietos. \u0160is modernus ne\u0161iojamojo kompiuterio staliukas susideda i\u0161 sta\u010diakampio stalvir\u0161io ir patrauklaus pagrindo. Jis puikiai papildys modern\u0173, minimalistin\u012f interjer\u0105 ir puikiai atrodys industriniame lofto stiliuje. Baldai pristatomi pilnai surinkti ir nereikalauja surinkimo.<\/p>","protected":false},"excerpt":{"rendered":"<p>Plotis (cm): 40<br \/>\n\u016agis (cm): 62<br \/>\nGylis (cm): 30<br \/>\nAsambl\u0117ja<br \/>\nSavaranki\u0161kas surinkimas<br \/>\nProdukto svoris [kg]: 4,2<br \/>\nStalvir\u0161io forma<br \/>\nSta\u010diakampis<\/p>","protected":false},"featured_media":302376,"comment_status":"open","ping_status":"open","template":"","meta":[],"product_brand":[],"product_cat":[9201,1934],"product_tag":[],"class_list":{"0":"post-302375","1":"product","2":"type-product","3":"status-publish","4":"has-post-thumbnail","6":"product_cat-adrk-furniture","7":"product_cat-tables","9":"first","10":"instock","11":"purchasable","12":"product-type-simple"},"_links":{"self":[{"href":"https:\/\/baldumarket.lt\/lt\/wp-json\/wp\/v2\/product\/302375","targetHints":{"allow":["GET"]}}],"collection":[{"href":"https:\/\/baldumarket.lt\/lt\/wp-json\/wp\/v2\/product"}],"about":[{"href":"https:\/\/baldumarket.lt\/lt\/wp-json\/wp\/v2\/types\/product"}],"replies":[{"embeddable":true,"href":"https:\/\/baldumarket.lt\/lt\/wp-json\/wp\/v2\/comments?post=302375"}],"wp:featuredmedia":[{"embeddable":true,"href":"https:\/\/baldumarket.lt\/lt\/wp-json\/wp\/v2\/media\/302376"}],"wp:attachment":[{"href":"https:\/\/baldumarket.lt\/lt\/wp-json\/wp\/v2\/media?parent=302375"}],"wp:term":[{"taxonomy":"product_brand","embeddable":true,"href":"https:\/\/baldumarket.lt\/lt\/wp-json\/wp\/v2\/product_brand?post=302375"},{"taxonomy":"product_cat","embeddable":true,"href":"https:\/\/baldumarket.lt\/lt\/wp-json\/wp\/v2\/product_cat?post=302375"},{"taxonomy":"product_tag","embeddable":true,"href":"https:\/\/baldumarket.lt\/lt\/wp-json\/wp\/v2\/product_tag?post=302375"}],"curies":[{"name":"wp","href":"https:\/\/api.w.org\/{rel}","templated":true}]}}