{"id":302109,"date":"2026-01-15T18:01:39","date_gmt":"2026-01-15T15:01:39","guid":{"rendered":"https:\/\/baldumarket.lt\/product\/biurko-z-regulacja-mallo-czarny-artisan-adrk\/"},"modified":"2026-02-11T18:11:58","modified_gmt":"2026-02-11T15:11:58","slug":"biurko-z-regulacja-mallo-czarny-artisan-adrk","status":"publish","type":"product","link":"https:\/\/baldumarket.lt\/lt\/product\/biurko-z-regulacja-mallo-czarny-artisan-adrk\/","title":{"rendered":"MALLO reguliuojamo auk\u0161\u010dio ra\u0161omasis stalas, juodas\/artisani\u0161kas, ADRK"},"content":{"rendered":"<p>Reguliuojamo auk\u0161\u010dio MALLO stalas puikiai tinka jaunimo kambariui, biurui ar studijai. Platus, sta\u010diakampis stalvir\u0161is suteikia patogi\u0105 darbo viet\u0105. Baldai apr\u016bpinti elektra reguliuojamomis kojel\u0117mis, tod\u0117l stalo auk\u0161t\u012f galima reguliuoti pagal individualius poreikius. Auk\u0161\u010dio reguliavimas galimas naudojant special\u0173 valdymo modul\u012f. Paprasta konstrukcija ir modernus dizainas leis MALLO stalui puikiai der\u0117ti bet kokiam interjerui.<\/p>","protected":false},"excerpt":{"rendered":"<p>Plotis (cm): 138<br \/>\nGylis (cm): 67<br \/>\nAsambl\u0117ja<br \/>\nSavaranki\u0161kas surinkimas<br \/>\nProdukto svoris [kg]: 35,3<br \/>\nStalvir\u0161io forma<br \/>\nSta\u010diakampis<\/p>","protected":false},"featured_media":302110,"comment_status":"open","ping_status":"open","template":"","meta":[],"product_brand":[],"product_cat":[9201,1312],"product_tag":[],"class_list":{"0":"post-302109","1":"product","2":"type-product","3":"status-publish","4":"has-post-thumbnail","6":"product_cat-adrk-furniture","7":"product_cat-desks","9":"first","10":"instock","11":"purchasable","12":"product-type-simple"},"_links":{"self":[{"href":"https:\/\/baldumarket.lt\/lt\/wp-json\/wp\/v2\/product\/302109","targetHints":{"allow":["GET"]}}],"collection":[{"href":"https:\/\/baldumarket.lt\/lt\/wp-json\/wp\/v2\/product"}],"about":[{"href":"https:\/\/baldumarket.lt\/lt\/wp-json\/wp\/v2\/types\/product"}],"replies":[{"embeddable":true,"href":"https:\/\/baldumarket.lt\/lt\/wp-json\/wp\/v2\/comments?post=302109"}],"wp:featuredmedia":[{"embeddable":true,"href":"https:\/\/baldumarket.lt\/lt\/wp-json\/wp\/v2\/media\/302110"}],"wp:attachment":[{"href":"https:\/\/baldumarket.lt\/lt\/wp-json\/wp\/v2\/media?parent=302109"}],"wp:term":[{"taxonomy":"product_brand","embeddable":true,"href":"https:\/\/baldumarket.lt\/lt\/wp-json\/wp\/v2\/product_brand?post=302109"},{"taxonomy":"product_cat","embeddable":true,"href":"https:\/\/baldumarket.lt\/lt\/wp-json\/wp\/v2\/product_cat?post=302109"},{"taxonomy":"product_tag","embeddable":true,"href":"https:\/\/baldumarket.lt\/lt\/wp-json\/wp\/v2\/product_tag?post=302109"}],"curies":[{"name":"wp","href":"https:\/\/api.w.org\/{rel}","templated":true}]}}