{"id":301967,"date":"2026-01-15T17:59:26","date_gmt":"2026-01-15T14:59:26","guid":{"rendered":"https:\/\/baldumarket.lt\/product\/biurko-1sz2d-cesiro-bialy-adrk\/"},"modified":"2026-02-11T18:12:02","modified_gmt":"2026-02-11T15:12:02","slug":"biurko-1sz2d-cesiro-bialy-adrk","status":"publish","type":"product","link":"https:\/\/baldumarket.lt\/lt\/product\/biurko-1sz2d-cesiro-bialy-adrk\/","title":{"rendered":"Ra\u0161omasis stalas 1SZ2D CESIRO baltas ADRK"},"content":{"rendered":"<p>CESIRO ra\u0161omasis stalas pasi\u017eymi minimalistiniu dizainu ir lengva, paprasta forma. Jame yra erdvus stal\u010dius ir dvi spintel\u0117s, kuriose yra daug vietos biuro reikmenims susid\u0117ti. Be to, didelis stalvir\u0161is leid\u017eia patogiai dirbti. Raginame susipa\u017einti su kitais CESIRO kolekcijos baldais, kurie pad\u0117s skoningai \u012frengti j\u016bs\u0173 biur\u0105.<\/p>","protected":false},"excerpt":{"rendered":"<p>Plotis (cm): 140<br \/>\n\u016agis (cm): 77<br \/>\nGylis (cm): 56<br \/>\nAsambl\u0117ja<br \/>\nSavaranki\u0161kas surinkimas<br \/>\nProdukto svoris [kg]: 57<br \/>\nStalvir\u0161io forma<br \/>\nSta\u010diakampis<\/p>","protected":false},"featured_media":301968,"comment_status":"open","ping_status":"open","template":"","meta":[],"product_brand":[],"product_cat":[9201,1312],"product_tag":[],"class_list":{"0":"post-301967","1":"product","2":"type-product","3":"status-publish","4":"has-post-thumbnail","6":"product_cat-adrk-furniture","7":"product_cat-desks","9":"first","10":"instock","11":"purchasable","12":"product-type-simple"},"_links":{"self":[{"href":"https:\/\/baldumarket.lt\/lt\/wp-json\/wp\/v2\/product\/301967","targetHints":{"allow":["GET"]}}],"collection":[{"href":"https:\/\/baldumarket.lt\/lt\/wp-json\/wp\/v2\/product"}],"about":[{"href":"https:\/\/baldumarket.lt\/lt\/wp-json\/wp\/v2\/types\/product"}],"replies":[{"embeddable":true,"href":"https:\/\/baldumarket.lt\/lt\/wp-json\/wp\/v2\/comments?post=301967"}],"wp:featuredmedia":[{"embeddable":true,"href":"https:\/\/baldumarket.lt\/lt\/wp-json\/wp\/v2\/media\/301968"}],"wp:attachment":[{"href":"https:\/\/baldumarket.lt\/lt\/wp-json\/wp\/v2\/media?parent=301967"}],"wp:term":[{"taxonomy":"product_brand","embeddable":true,"href":"https:\/\/baldumarket.lt\/lt\/wp-json\/wp\/v2\/product_brand?post=301967"},{"taxonomy":"product_cat","embeddable":true,"href":"https:\/\/baldumarket.lt\/lt\/wp-json\/wp\/v2\/product_cat?post=301967"},{"taxonomy":"product_tag","embeddable":true,"href":"https:\/\/baldumarket.lt\/lt\/wp-json\/wp\/v2\/product_tag?post=301967"}],"curies":[{"name":"wp","href":"https:\/\/api.w.org\/{rel}","templated":true}]}}