{"id":301962,"date":"2026-01-15T17:59:22","date_gmt":"2026-01-15T14:59:22","guid":{"rendered":"https:\/\/baldumarket.lt\/product\/biurko-2sz-cesiro-bialy-adrk\/"},"modified":"2026-02-11T18:12:02","modified_gmt":"2026-02-11T15:12:02","slug":"biurko-2sz-cesiro-bialy-adrk","status":"publish","type":"product","link":"https:\/\/baldumarket.lt\/lt\/product\/biurko-2sz-cesiro-bialy-adrk\/","title":{"rendered":"Ra\u0161omasis stalas 2SZ CESIRO baltas ADRK"},"content":{"rendered":"<p>CESIRO ra\u0161omasis stalas pasi\u017eymi minimalistiniu dizainu ir lengva, paprasta forma. Jame yra du erdv\u016bs stal\u010diai, kuriuose yra daug vietos biuro reikmenims susid\u0117ti. Be to, didelis stalvir\u0161is leid\u017eia patogiai dirbti. Raginame susipa\u017einti su kitais CESIRO kolekcijos baldais, kurie pad\u0117s skoningai \u012frengti paauglio kambar\u012f.<\/p>","protected":false},"excerpt":{"rendered":"<p>Plotis (cm): 100<br \/>\n\u016agis (cm): 76<br \/>\nGylis (cm): 43<br \/>\nAsambl\u0117ja<br \/>\nSavaranki\u0161kas surinkimas<br \/>\nProdukto svoris [kg]: 23,5<br \/>\nStalvir\u0161io forma<br \/>\nSta\u010diakampis<\/p>","protected":false},"featured_media":301963,"comment_status":"open","ping_status":"open","template":"","meta":[],"product_brand":[],"product_cat":[9201,1312],"product_tag":[],"class_list":{"0":"post-301962","1":"product","2":"type-product","3":"status-publish","4":"has-post-thumbnail","6":"product_cat-adrk-furniture","7":"product_cat-desks","9":"first","10":"instock","11":"purchasable","12":"product-type-simple"},"_links":{"self":[{"href":"https:\/\/baldumarket.lt\/lt\/wp-json\/wp\/v2\/product\/301962","targetHints":{"allow":["GET"]}}],"collection":[{"href":"https:\/\/baldumarket.lt\/lt\/wp-json\/wp\/v2\/product"}],"about":[{"href":"https:\/\/baldumarket.lt\/lt\/wp-json\/wp\/v2\/types\/product"}],"replies":[{"embeddable":true,"href":"https:\/\/baldumarket.lt\/lt\/wp-json\/wp\/v2\/comments?post=301962"}],"wp:featuredmedia":[{"embeddable":true,"href":"https:\/\/baldumarket.lt\/lt\/wp-json\/wp\/v2\/media\/301963"}],"wp:attachment":[{"href":"https:\/\/baldumarket.lt\/lt\/wp-json\/wp\/v2\/media?parent=301962"}],"wp:term":[{"taxonomy":"product_brand","embeddable":true,"href":"https:\/\/baldumarket.lt\/lt\/wp-json\/wp\/v2\/product_brand?post=301962"},{"taxonomy":"product_cat","embeddable":true,"href":"https:\/\/baldumarket.lt\/lt\/wp-json\/wp\/v2\/product_cat?post=301962"},{"taxonomy":"product_tag","embeddable":true,"href":"https:\/\/baldumarket.lt\/lt\/wp-json\/wp\/v2\/product_tag?post=301962"}],"curies":[{"name":"wp","href":"https:\/\/api.w.org\/{rel}","templated":true}]}}