{"id":301952,"date":"2026-01-15T17:59:15","date_gmt":"2026-01-15T14:59:15","guid":{"rendered":"https:\/\/baldumarket.lt\/product\/regal-cesiro-bialy-adrk\/"},"modified":"2026-02-11T18:12:02","modified_gmt":"2026-02-11T15:12:02","slug":"regal-cesiro-bialy-adrk","status":"publish","type":"product","link":"https:\/\/baldumarket.lt\/lt\/product\/regal-cesiro-bialy-adrk\/","title":{"rendered":"CESIRO balta ADRK knyg\u0173 lentyna"},"content":{"rendered":"<p>CESIRO knyg\u0173 lentyna yra paprastas, ta\u010diau ne\u012ftik\u0117tinai funkcionalus baldas. Joje yra daug erdvi\u0173 lentyn\u0173 ir spintel\u0117, tod\u0117l ji yra patogi vieta smulkiems daiktams laikyti. Raginame susipa\u017einti su kitais CESIRO kolekcijos baldais, kurie pad\u0117s skoningai \u012frengti j\u016bs\u0173 biur\u0105.<\/p>","protected":false},"excerpt":{"rendered":"<p>Plotis (cm): 100<br \/>\n\u016agis (cm): 201<br \/>\nGylis (cm): 42<br \/>\nAsambl\u0117ja<br \/>\nSavaranki\u0161kas surinkimas<br \/>\nProdukto svoris [kg]: 72<\/p>","protected":false},"featured_media":301953,"comment_status":"open","ping_status":"open","template":"","meta":[],"product_brand":[],"product_cat":[9201,1987],"product_tag":[],"class_list":{"0":"post-301952","1":"product","2":"type-product","3":"status-publish","4":"has-post-thumbnail","6":"product_cat-adrk-furniture","7":"product_cat-shelving-units","9":"first","10":"instock","11":"purchasable","12":"product-type-simple"},"_links":{"self":[{"href":"https:\/\/baldumarket.lt\/lt\/wp-json\/wp\/v2\/product\/301952","targetHints":{"allow":["GET"]}}],"collection":[{"href":"https:\/\/baldumarket.lt\/lt\/wp-json\/wp\/v2\/product"}],"about":[{"href":"https:\/\/baldumarket.lt\/lt\/wp-json\/wp\/v2\/types\/product"}],"replies":[{"embeddable":true,"href":"https:\/\/baldumarket.lt\/lt\/wp-json\/wp\/v2\/comments?post=301952"}],"wp:featuredmedia":[{"embeddable":true,"href":"https:\/\/baldumarket.lt\/lt\/wp-json\/wp\/v2\/media\/301953"}],"wp:attachment":[{"href":"https:\/\/baldumarket.lt\/lt\/wp-json\/wp\/v2\/media?parent=301952"}],"wp:term":[{"taxonomy":"product_brand","embeddable":true,"href":"https:\/\/baldumarket.lt\/lt\/wp-json\/wp\/v2\/product_brand?post=301952"},{"taxonomy":"product_cat","embeddable":true,"href":"https:\/\/baldumarket.lt\/lt\/wp-json\/wp\/v2\/product_cat?post=301952"},{"taxonomy":"product_tag","embeddable":true,"href":"https:\/\/baldumarket.lt\/lt\/wp-json\/wp\/v2\/product_tag?post=301952"}],"curies":[{"name":"wp","href":"https:\/\/api.w.org\/{rel}","templated":true}]}}