{"id":301928,"date":"2026-01-15T17:58:55","date_gmt":"2026-01-15T14:58:55","guid":{"rendered":"https:\/\/baldumarket.lt\/product\/komoda-4sz-cesiro-bialy-adrk\/"},"modified":"2026-02-11T18:12:03","modified_gmt":"2026-02-11T15:12:03","slug":"komoda-4sz-cesiro-bialy-adrk","status":"publish","type":"product","link":"https:\/\/baldumarket.lt\/lt\/product\/komoda-4sz-cesiro-bialy-adrk\/","title":{"rendered":"Komoda, 4 vnt., CESIRO, balta, ADRK"},"content":{"rendered":"<p>CESIRO komoda \u2013 tai tobulas minimalizmo ir lengvos formos derinys. Keturi erdv\u016bs stal\u010diai leid\u017eia laikyti smulkius daiktus ar dokumentus. Prakti\u0161ka ir funkcionali CESIRO komoda puikiai atrodys j\u016bs\u0173 svetain\u0117je, miegamajame ar prie\u0161kambaryje. Raginame susipa\u017einti su kitais CESIRO kolekcijos gaminiais, kurie pad\u0117s jums skoningai \u012frengti namus.<\/p>","protected":false},"excerpt":{"rendered":"<p>Plotis (cm): 100<br \/>\n\u016agis (cm): 106<br \/>\nGylis (cm): 42<br \/>\nAsambl\u0117ja<br \/>\nSavaranki\u0161kas surinkimas<br \/>\nProdukto svoris [kg]: 50<\/p>","protected":false},"featured_media":301929,"comment_status":"open","ping_status":"open","template":"","meta":[],"product_brand":[],"product_cat":[9201,1173],"product_tag":[],"class_list":{"0":"post-301928","1":"product","2":"type-product","3":"status-publish","4":"has-post-thumbnail","6":"product_cat-adrk-furniture","7":"product_cat-chests-of-drawers","9":"first","10":"instock","11":"purchasable","12":"product-type-simple"},"_links":{"self":[{"href":"https:\/\/baldumarket.lt\/lt\/wp-json\/wp\/v2\/product\/301928","targetHints":{"allow":["GET"]}}],"collection":[{"href":"https:\/\/baldumarket.lt\/lt\/wp-json\/wp\/v2\/product"}],"about":[{"href":"https:\/\/baldumarket.lt\/lt\/wp-json\/wp\/v2\/types\/product"}],"replies":[{"embeddable":true,"href":"https:\/\/baldumarket.lt\/lt\/wp-json\/wp\/v2\/comments?post=301928"}],"wp:featuredmedia":[{"embeddable":true,"href":"https:\/\/baldumarket.lt\/lt\/wp-json\/wp\/v2\/media\/301929"}],"wp:attachment":[{"href":"https:\/\/baldumarket.lt\/lt\/wp-json\/wp\/v2\/media?parent=301928"}],"wp:term":[{"taxonomy":"product_brand","embeddable":true,"href":"https:\/\/baldumarket.lt\/lt\/wp-json\/wp\/v2\/product_brand?post=301928"},{"taxonomy":"product_cat","embeddable":true,"href":"https:\/\/baldumarket.lt\/lt\/wp-json\/wp\/v2\/product_cat?post=301928"},{"taxonomy":"product_tag","embeddable":true,"href":"https:\/\/baldumarket.lt\/lt\/wp-json\/wp\/v2\/product_tag?post=301928"}],"curies":[{"name":"wp","href":"https:\/\/api.w.org\/{rel}","templated":true}]}}