{"id":301903,"date":"2026-01-15T17:58:36","date_gmt":"2026-01-15T14:58:36","guid":{"rendered":"https:\/\/baldumarket.lt\/product\/komoda-3sz2d-cesiro-bialy-adrk\/"},"modified":"2026-02-11T18:12:03","modified_gmt":"2026-02-11T15:12:03","slug":"komoda-3sz2d-cesiro-bialy-adrk","status":"publish","type":"product","link":"https:\/\/baldumarket.lt\/lt\/product\/komoda-3sz2d-cesiro-bialy-adrk\/","title":{"rendered":"Komoda 3SZ2D CESIRO balta ADRK"},"content":{"rendered":"<p>CESIRO komoda \u2013 tai tobulas minimalizmo ir lengvos formos derinys. Trys erdv\u016bs stal\u010diai leid\u017eia laikyti smulkius daiktus ar dokumentus, o dvi spintel\u0117s su lentyna viduje suteikia papildomos vietos daiktams susid\u0117ti. Prakti\u0161ka ir funkcionali CESIRO komoda puikiai atrodys j\u016bs\u0173 svetain\u0117je, miegamajame ar prie\u0161kambaryje. Raginame susipa\u017einti su kitais CESIRO kolekcijos gaminiais, kurie pad\u0117s skoningai \u012frengti namus.<\/p>","protected":false},"excerpt":{"rendered":"<p>Plotis (cm): 170<br \/>\n\u016agis (cm): 85<br \/>\nGylis (cm): 42<br \/>\nAsambl\u0117ja<br \/>\nSavaranki\u0161kas surinkimas<br \/>\nProdukto svoris [kg]: 57,4<\/p>","protected":false},"featured_media":301904,"comment_status":"open","ping_status":"open","template":"","meta":[],"product_brand":[],"product_cat":[9201,1173],"product_tag":[],"class_list":{"0":"post-301903","1":"product","2":"type-product","3":"status-publish","4":"has-post-thumbnail","6":"product_cat-adrk-furniture","7":"product_cat-chests-of-drawers","9":"first","10":"instock","11":"purchasable","12":"product-type-simple"},"_links":{"self":[{"href":"https:\/\/baldumarket.lt\/lt\/wp-json\/wp\/v2\/product\/301903","targetHints":{"allow":["GET"]}}],"collection":[{"href":"https:\/\/baldumarket.lt\/lt\/wp-json\/wp\/v2\/product"}],"about":[{"href":"https:\/\/baldumarket.lt\/lt\/wp-json\/wp\/v2\/types\/product"}],"replies":[{"embeddable":true,"href":"https:\/\/baldumarket.lt\/lt\/wp-json\/wp\/v2\/comments?post=301903"}],"wp:featuredmedia":[{"embeddable":true,"href":"https:\/\/baldumarket.lt\/lt\/wp-json\/wp\/v2\/media\/301904"}],"wp:attachment":[{"href":"https:\/\/baldumarket.lt\/lt\/wp-json\/wp\/v2\/media?parent=301903"}],"wp:term":[{"taxonomy":"product_brand","embeddable":true,"href":"https:\/\/baldumarket.lt\/lt\/wp-json\/wp\/v2\/product_brand?post=301903"},{"taxonomy":"product_cat","embeddable":true,"href":"https:\/\/baldumarket.lt\/lt\/wp-json\/wp\/v2\/product_cat?post=301903"},{"taxonomy":"product_tag","embeddable":true,"href":"https:\/\/baldumarket.lt\/lt\/wp-json\/wp\/v2\/product_tag?post=301903"}],"curies":[{"name":"wp","href":"https:\/\/api.w.org\/{rel}","templated":true}]}}