{"id":301839,"date":"2026-01-15T17:57:44","date_gmt":"2026-01-15T14:57:44","guid":{"rendered":"https:\/\/baldumarket.lt\/product\/stolik-kawowy-rina-100x60-bialy-beton-adrk\/"},"modified":"2026-02-11T18:12:05","modified_gmt":"2026-02-11T15:12:05","slug":"stolik-kawowy-rina-100x60-bialy-beton-adrk","status":"publish","type":"product","link":"https:\/\/baldumarket.lt\/lt\/product\/stolik-kawowy-rina-100x60-bialy-beton-adrk\/","title":{"rendered":"RINA kavos staliukas 100\u00d760 baltas\/betonas ADRK"},"content":{"rendered":"<p>Kavos staliukas pagamintas i\u0161 dviej\u0173 plienini\u0173 kojeli\u0173, laikan\u010di\u0173 tvirt\u0105 stalvir\u0161\u012f. RINA bus unikalus j\u016bs\u0173 nam\u0173 papildymas ir puiki vieta atsipalaiduoti su puodeliu kavos.<\/p>","protected":false},"excerpt":{"rendered":"<p>Plotis (cm): 100<br \/>\n\u016agis (cm): 45<br \/>\nGylis (cm): 60<br \/>\nAsambl\u0117ja<br \/>\nSavaranki\u0161kas surinkimas<br \/>\nProdukto svoris [kg]: 33,8<br \/>\nStalvir\u0161io forma<br \/>\nSta\u010diakampis<\/p>","protected":false},"featured_media":301840,"comment_status":"open","ping_status":"open","template":"","meta":[],"product_brand":[],"product_cat":[9201,866],"product_tag":[],"class_list":{"0":"post-301839","1":"product","2":"type-product","3":"status-publish","4":"has-post-thumbnail","6":"product_cat-adrk-furniture","7":"product_cat-coffee-tables","9":"first","10":"instock","11":"purchasable","12":"product-type-simple"},"_links":{"self":[{"href":"https:\/\/baldumarket.lt\/lt\/wp-json\/wp\/v2\/product\/301839","targetHints":{"allow":["GET"]}}],"collection":[{"href":"https:\/\/baldumarket.lt\/lt\/wp-json\/wp\/v2\/product"}],"about":[{"href":"https:\/\/baldumarket.lt\/lt\/wp-json\/wp\/v2\/types\/product"}],"replies":[{"embeddable":true,"href":"https:\/\/baldumarket.lt\/lt\/wp-json\/wp\/v2\/comments?post=301839"}],"wp:featuredmedia":[{"embeddable":true,"href":"https:\/\/baldumarket.lt\/lt\/wp-json\/wp\/v2\/media\/301840"}],"wp:attachment":[{"href":"https:\/\/baldumarket.lt\/lt\/wp-json\/wp\/v2\/media?parent=301839"}],"wp:term":[{"taxonomy":"product_brand","embeddable":true,"href":"https:\/\/baldumarket.lt\/lt\/wp-json\/wp\/v2\/product_brand?post=301839"},{"taxonomy":"product_cat","embeddable":true,"href":"https:\/\/baldumarket.lt\/lt\/wp-json\/wp\/v2\/product_cat?post=301839"},{"taxonomy":"product_tag","embeddable":true,"href":"https:\/\/baldumarket.lt\/lt\/wp-json\/wp\/v2\/product_tag?post=301839"}],"curies":[{"name":"wp","href":"https:\/\/api.w.org\/{rel}","templated":true}]}}