{"id":301813,"date":"2026-01-15T17:57:25","date_gmt":"2026-01-15T14:57:25","guid":{"rendered":"https:\/\/baldumarket.lt\/product\/szafka-rtv-1d-cesiro-bialy-adrk\/"},"modified":"2026-02-11T18:12:06","modified_gmt":"2026-02-11T15:12:06","slug":"szafka-rtv-1d-cesiro-bialy-adrk","status":"publish","type":"product","link":"https:\/\/baldumarket.lt\/lt\/product\/szafka-rtv-1d-cesiro-bialy-adrk\/","title":{"rendered":"1D CESIRO televizoriaus spintel\u0117 Balta ADRK"},"content":{"rendered":"<p>CESIRO televizoriaus staliukas pasi\u017eymi paprastu dizainu. \u012eleid\u017eiamos ertm\u0117s ir erdvios spintel\u0117s suteikia daug vietos \u012frangai ir knygoms. CESIRO tinka tiek klasikiniam, tiek moderniam interjerui.<\/p>","protected":false},"excerpt":{"rendered":"<p>Plotis (cm): 120<br \/>\n\u016agis (cm): 51<br \/>\nGylis (cm): 52<br \/>\nAsambl\u0117ja<br \/>\nSavaranki\u0161kas surinkimas<br \/>\nProdukto svoris [kg]: 28,9<\/p>","protected":false},"featured_media":301814,"comment_status":"open","ping_status":"open","template":"","meta":[],"product_brand":[],"product_cat":[9201,1175],"product_tag":[],"class_list":{"0":"post-301813","1":"product","2":"type-product","3":"status-publish","4":"has-post-thumbnail","6":"product_cat-adrk-furniture","7":"product_cat-tv-stands","9":"first","10":"instock","11":"purchasable","12":"product-type-simple"},"_links":{"self":[{"href":"https:\/\/baldumarket.lt\/lt\/wp-json\/wp\/v2\/product\/301813","targetHints":{"allow":["GET"]}}],"collection":[{"href":"https:\/\/baldumarket.lt\/lt\/wp-json\/wp\/v2\/product"}],"about":[{"href":"https:\/\/baldumarket.lt\/lt\/wp-json\/wp\/v2\/types\/product"}],"replies":[{"embeddable":true,"href":"https:\/\/baldumarket.lt\/lt\/wp-json\/wp\/v2\/comments?post=301813"}],"wp:featuredmedia":[{"embeddable":true,"href":"https:\/\/baldumarket.lt\/lt\/wp-json\/wp\/v2\/media\/301814"}],"wp:attachment":[{"href":"https:\/\/baldumarket.lt\/lt\/wp-json\/wp\/v2\/media?parent=301813"}],"wp:term":[{"taxonomy":"product_brand","embeddable":true,"href":"https:\/\/baldumarket.lt\/lt\/wp-json\/wp\/v2\/product_brand?post=301813"},{"taxonomy":"product_cat","embeddable":true,"href":"https:\/\/baldumarket.lt\/lt\/wp-json\/wp\/v2\/product_cat?post=301813"},{"taxonomy":"product_tag","embeddable":true,"href":"https:\/\/baldumarket.lt\/lt\/wp-json\/wp\/v2\/product_tag?post=301813"}],"curies":[{"name":"wp","href":"https:\/\/api.w.org\/{rel}","templated":true}]}}