{"id":301808,"date":"2026-01-15T17:57:22","date_gmt":"2026-01-15T14:57:22","guid":{"rendered":"https:\/\/baldumarket.lt\/product\/komoda-malen-artisan-adrk\/"},"modified":"2026-02-11T18:12:06","modified_gmt":"2026-02-11T15:12:06","slug":"komoda-malen-artisan-adrk","status":"publish","type":"product","link":"https:\/\/baldumarket.lt\/lt\/product\/komoda-malen-artisan-adrk\/","title":{"rendered":"MALEN Artisan ADRK komoda"},"content":{"rendered":"<p>MALEN komoda \u2013 puikus pasirinkimas svetainei, miegamajam ar prie\u0161kambariui. Tai puiki vieta laikyti smulkius daiktus. MALEN komoda pasi\u017eymi meni\u0161ko \u0105\u017euolo apdaila, kuri pagyvina kambar\u012f ir suteikia jam stiliaus bei elegancijos. Raginame susipa\u017einti su kitais MALEN kolekcijos baldais, kurie leis skoningai \u012frengti savo miegam\u0105j\u012f.<\/p>","protected":false},"excerpt":{"rendered":"<p>Plotis (cm): 92<br \/>\n\u016agis (cm): 90<br \/>\nGylis (cm): 42<br \/>\nAsambl\u0117ja<br \/>\nSavaranki\u0161kas surinkimas<br \/>\nProdukto svoris [kg]: 38<\/p>","protected":false},"featured_media":301809,"comment_status":"open","ping_status":"open","template":"","meta":[],"product_brand":[],"product_cat":[9201,1173],"product_tag":[],"class_list":{"0":"post-301808","1":"product","2":"type-product","3":"status-publish","4":"has-post-thumbnail","6":"product_cat-adrk-furniture","7":"product_cat-chests-of-drawers","9":"first","10":"instock","11":"purchasable","12":"product-type-simple"},"_links":{"self":[{"href":"https:\/\/baldumarket.lt\/lt\/wp-json\/wp\/v2\/product\/301808","targetHints":{"allow":["GET"]}}],"collection":[{"href":"https:\/\/baldumarket.lt\/lt\/wp-json\/wp\/v2\/product"}],"about":[{"href":"https:\/\/baldumarket.lt\/lt\/wp-json\/wp\/v2\/types\/product"}],"replies":[{"embeddable":true,"href":"https:\/\/baldumarket.lt\/lt\/wp-json\/wp\/v2\/comments?post=301808"}],"wp:featuredmedia":[{"embeddable":true,"href":"https:\/\/baldumarket.lt\/lt\/wp-json\/wp\/v2\/media\/301809"}],"wp:attachment":[{"href":"https:\/\/baldumarket.lt\/lt\/wp-json\/wp\/v2\/media?parent=301808"}],"wp:term":[{"taxonomy":"product_brand","embeddable":true,"href":"https:\/\/baldumarket.lt\/lt\/wp-json\/wp\/v2\/product_brand?post=301808"},{"taxonomy":"product_cat","embeddable":true,"href":"https:\/\/baldumarket.lt\/lt\/wp-json\/wp\/v2\/product_cat?post=301808"},{"taxonomy":"product_tag","embeddable":true,"href":"https:\/\/baldumarket.lt\/lt\/wp-json\/wp\/v2\/product_tag?post=301808"}],"curies":[{"name":"wp","href":"https:\/\/api.w.org\/{rel}","templated":true}]}}