{"id":301803,"date":"2026-01-15T17:57:18","date_gmt":"2026-01-15T14:57:18","guid":{"rendered":"https:\/\/baldumarket.lt\/product\/lozko-dwuosobowe-ze-stelazem-malen-artisan-adrk\/"},"modified":"2026-02-11T18:12:06","modified_gmt":"2026-02-11T15:12:06","slug":"lozko-dwuosobowe-ze-stelazem-malen-artisan-adrk","status":"publish","type":"product","link":"https:\/\/baldumarket.lt\/lt\/product\/lozko-dwuosobowe-ze-stelazem-malen-artisan-adrk\/","title":{"rendered":"Dvigul\u0117 lova su r\u0117mu MALEN Artisan ADRK"},"content":{"rendered":"<p>MALEN kolekcijos lova puikiai tinka tiek dideliems, tiek ma\u017eesniems miegamiesiems. Baldai padengti laminatu, kuris puikiai imituoja nat\u016bralios medienos efekt\u0105 ir suteikia kambariui kaimi\u0161k\u0105 charakter\u012f. Lova pasi\u017eymi erdvia ir funkcionalia patalyn\u0117s d\u0117\u017ee bei tvirtu, patvariu r\u0117mu. \u010ciu\u017einys \u012f komplekt\u0105 ne\u012feina. Raginame susipa\u017einti su kitais MALEN kolekcijos elementais, kurie pad\u0117s Jums susikurti svajoni\u0173 miegam\u0105j\u012f.<\/p>","protected":false},"excerpt":{"rendered":"<p>Plotis (cm): 165<br \/>\n\u016agis (cm): 90<br \/>\nGylis (cm): 210<br \/>\nAsambl\u0117ja<br \/>\nSavaranki\u0161kas surinkimas<br \/>\nProdukto svoris [kg]: 82<br \/>\n\u010ciu\u017einio dydis<br \/>\n160&#215;200<\/p>","protected":false},"featured_media":301804,"comment_status":"open","ping_status":"open","template":"","meta":[],"product_brand":[],"product_cat":[9201,505],"product_tag":[],"class_list":{"0":"post-301803","1":"product","2":"type-product","3":"status-publish","4":"has-post-thumbnail","6":"product_cat-adrk-furniture","7":"product_cat-bedroom-beds","9":"first","10":"instock","11":"purchasable","12":"product-type-simple"},"_links":{"self":[{"href":"https:\/\/baldumarket.lt\/lt\/wp-json\/wp\/v2\/product\/301803","targetHints":{"allow":["GET"]}}],"collection":[{"href":"https:\/\/baldumarket.lt\/lt\/wp-json\/wp\/v2\/product"}],"about":[{"href":"https:\/\/baldumarket.lt\/lt\/wp-json\/wp\/v2\/types\/product"}],"replies":[{"embeddable":true,"href":"https:\/\/baldumarket.lt\/lt\/wp-json\/wp\/v2\/comments?post=301803"}],"wp:featuredmedia":[{"embeddable":true,"href":"https:\/\/baldumarket.lt\/lt\/wp-json\/wp\/v2\/media\/301804"}],"wp:attachment":[{"href":"https:\/\/baldumarket.lt\/lt\/wp-json\/wp\/v2\/media?parent=301803"}],"wp:term":[{"taxonomy":"product_brand","embeddable":true,"href":"https:\/\/baldumarket.lt\/lt\/wp-json\/wp\/v2\/product_brand?post=301803"},{"taxonomy":"product_cat","embeddable":true,"href":"https:\/\/baldumarket.lt\/lt\/wp-json\/wp\/v2\/product_cat?post=301803"},{"taxonomy":"product_tag","embeddable":true,"href":"https:\/\/baldumarket.lt\/lt\/wp-json\/wp\/v2\/product_tag?post=301803"}],"curies":[{"name":"wp","href":"https:\/\/api.w.org\/{rel}","templated":true}]}}