{"id":301793,"date":"2026-01-15T17:57:11","date_gmt":"2026-01-15T14:57:11","guid":{"rendered":"https:\/\/baldumarket.lt\/product\/szafka-nocna-z-szufladami-malen-artisan-adrk\/"},"modified":"2026-02-11T18:12:06","modified_gmt":"2026-02-11T15:12:06","slug":"szafka-nocna-z-szufladami-malen-artisan-adrk","status":"publish","type":"product","link":"https:\/\/baldumarket.lt\/lt\/product\/szafka-nocna-z-szufladami-malen-artisan-adrk\/","title":{"rendered":"MALEN Artisan ADRK naktinis staliukas su stal\u010diais"},"content":{"rendered":"<p>MALEN naktinis staliukas yra miegamojo baldas. Jis turi erdvius stal\u010dius, puikiai tinkan\u010dius laikyti b\u016btiniausius daiktus. D\u0117l modernaus dizaino jis puikiai dera prie bet kokio interjero. Raginame susipa\u017einti su kitais MALEN kolekcijos baldais, kurie pad\u0117s skoningai \u012frengti svajoni\u0173 miegam\u0105j\u012f.<\/p>","protected":false},"excerpt":{"rendered":"<p>Plotis (cm): 50<br \/>\n\u016agis (cm): 55<br \/>\nGylis (cm): 45<br \/>\nAsambl\u0117ja<br \/>\nsavaranki\u0161kam surinkimui<br \/>\nProdukto svoris [kg]: 17<\/p>","protected":false},"featured_media":301794,"comment_status":"open","ping_status":"open","template":"","meta":[],"product_brand":[],"product_cat":[9201,1176],"product_tag":[],"class_list":{"0":"post-301793","1":"product","2":"type-product","3":"status-publish","4":"has-post-thumbnail","6":"product_cat-adrk-furniture","7":"product_cat-bedside-tables","9":"first","10":"instock","11":"purchasable","12":"product-type-simple"},"_links":{"self":[{"href":"https:\/\/baldumarket.lt\/lt\/wp-json\/wp\/v2\/product\/301793","targetHints":{"allow":["GET"]}}],"collection":[{"href":"https:\/\/baldumarket.lt\/lt\/wp-json\/wp\/v2\/product"}],"about":[{"href":"https:\/\/baldumarket.lt\/lt\/wp-json\/wp\/v2\/types\/product"}],"replies":[{"embeddable":true,"href":"https:\/\/baldumarket.lt\/lt\/wp-json\/wp\/v2\/comments?post=301793"}],"wp:featuredmedia":[{"embeddable":true,"href":"https:\/\/baldumarket.lt\/lt\/wp-json\/wp\/v2\/media\/301794"}],"wp:attachment":[{"href":"https:\/\/baldumarket.lt\/lt\/wp-json\/wp\/v2\/media?parent=301793"}],"wp:term":[{"taxonomy":"product_brand","embeddable":true,"href":"https:\/\/baldumarket.lt\/lt\/wp-json\/wp\/v2\/product_brand?post=301793"},{"taxonomy":"product_cat","embeddable":true,"href":"https:\/\/baldumarket.lt\/lt\/wp-json\/wp\/v2\/product_cat?post=301793"},{"taxonomy":"product_tag","embeddable":true,"href":"https:\/\/baldumarket.lt\/lt\/wp-json\/wp\/v2\/product_tag?post=301793"}],"curies":[{"name":"wp","href":"https:\/\/api.w.org\/{rel}","templated":true}]}}