{"id":301783,"date":"2026-01-15T17:57:04","date_gmt":"2026-01-15T14:57:04","guid":{"rendered":"https:\/\/baldumarket.lt\/product\/komoda-elza-bialy-szary-adrk\/"},"modified":"2026-02-11T18:12:06","modified_gmt":"2026-02-11T15:12:06","slug":"komoda-elza-bialy-szary-adrk","status":"publish","type":"product","link":"https:\/\/baldumarket.lt\/lt\/product\/komoda-elza-bialy-szary-adrk\/","title":{"rendered":"ELZA komoda, balta\/pilka, ADRK"},"content":{"rendered":"<p>Komoda ELZA \u2013 puikus pasirinkimas ma\u017eosios princes\u0117s kambariui. Balt\u0173 ir pastelini\u0173 akcent\u0173 derinys puikiai papildys bet kur\u012f vaiko kambar\u012f, sukurdamas \u0161ilt\u0105 ir jauki\u0105 atmosfer\u0105. Erdv\u016bs stal\u010diai labai palengvins tvark\u0105. Raginame jus pasidom\u0117ti kitais daiktais, kurie pad\u0117s sukurti j\u016bs\u0173 ma\u017eylio svajoni\u0173 kambar\u012f.<\/p>","protected":false},"excerpt":{"rendered":"<p>Plotis (cm): 80<br \/>\n\u016agis (cm): 102<br \/>\nGylis (cm): 40<br \/>\nAsambl\u0117ja<br \/>\nSavaranki\u0161kas surinkimas<br \/>\nProdukto svoris [kg]: 48<\/p>","protected":false},"featured_media":301784,"comment_status":"open","ping_status":"open","template":"","meta":[],"product_brand":[],"product_cat":[9201,1173],"product_tag":[],"class_list":{"0":"post-301783","1":"product","2":"type-product","3":"status-publish","4":"has-post-thumbnail","6":"product_cat-adrk-furniture","7":"product_cat-chests-of-drawers","9":"first","10":"instock","11":"purchasable","12":"product-type-simple"},"_links":{"self":[{"href":"https:\/\/baldumarket.lt\/lt\/wp-json\/wp\/v2\/product\/301783","targetHints":{"allow":["GET"]}}],"collection":[{"href":"https:\/\/baldumarket.lt\/lt\/wp-json\/wp\/v2\/product"}],"about":[{"href":"https:\/\/baldumarket.lt\/lt\/wp-json\/wp\/v2\/types\/product"}],"replies":[{"embeddable":true,"href":"https:\/\/baldumarket.lt\/lt\/wp-json\/wp\/v2\/comments?post=301783"}],"wp:featuredmedia":[{"embeddable":true,"href":"https:\/\/baldumarket.lt\/lt\/wp-json\/wp\/v2\/media\/301784"}],"wp:attachment":[{"href":"https:\/\/baldumarket.lt\/lt\/wp-json\/wp\/v2\/media?parent=301783"}],"wp:term":[{"taxonomy":"product_brand","embeddable":true,"href":"https:\/\/baldumarket.lt\/lt\/wp-json\/wp\/v2\/product_brand?post=301783"},{"taxonomy":"product_cat","embeddable":true,"href":"https:\/\/baldumarket.lt\/lt\/wp-json\/wp\/v2\/product_cat?post=301783"},{"taxonomy":"product_tag","embeddable":true,"href":"https:\/\/baldumarket.lt\/lt\/wp-json\/wp\/v2\/product_tag?post=301783"}],"curies":[{"name":"wp","href":"https:\/\/api.w.org\/{rel}","templated":true}]}}