{"id":301743,"date":"2026-01-15T17:56:36","date_gmt":"2026-01-15T14:56:36","guid":{"rendered":"https:\/\/baldumarket.lt\/product\/komoda-ika-bialy-czarny-adrk\/"},"modified":"2026-02-11T18:12:08","modified_gmt":"2026-02-11T15:12:08","slug":"komoda-ika-bialy-czarny-adrk","status":"publish","type":"product","link":"https:\/\/baldumarket.lt\/lt\/product\/komoda-ika-bialy-czarny-adrk\/","title":{"rendered":"IKA komoda, balta\/juoda, ADRK"},"content":{"rendered":"<p>IKA komoda \u2013 tai tobulas minimalistinio dizaino ir lengvos formos derinys. Auk\u0161tos medin\u0117s kojel\u0117s suteikia jai \u017eavesio, u\u017etikrindamos stabili\u0105 ir tvirt\u0105 konstrukcij\u0105. Trys erdv\u016bs stal\u010diai leid\u017eia laikyti smulkius daiktus ar dokumentus, o dvi \u0161onin\u0117s spintel\u0117s su lentyna viduje suteikia papildomos vietos daiktams susid\u0117ti. IKA komoda puikiai tiks j\u016bs\u0173 svetainei, miegamajam ar prie\u0161kambariui.<\/p>","protected":false},"excerpt":{"rendered":"<p>Plotis (cm): 120<br \/>\n\u016agis (cm): 93<br \/>\nGylis (cm): 35<br \/>\nAsambl\u0117ja<br \/>\nSavaranki\u0161kas surinkimas<br \/>\nProdukto svoris [kg]: 41<\/p>","protected":false},"featured_media":301744,"comment_status":"open","ping_status":"open","template":"","meta":[],"product_brand":[],"product_cat":[9201,1173],"product_tag":[],"class_list":{"0":"post-301743","1":"product","2":"type-product","3":"status-publish","4":"has-post-thumbnail","6":"product_cat-adrk-furniture","7":"product_cat-chests-of-drawers","9":"first","10":"instock","11":"purchasable","12":"product-type-simple"},"_links":{"self":[{"href":"https:\/\/baldumarket.lt\/lt\/wp-json\/wp\/v2\/product\/301743","targetHints":{"allow":["GET"]}}],"collection":[{"href":"https:\/\/baldumarket.lt\/lt\/wp-json\/wp\/v2\/product"}],"about":[{"href":"https:\/\/baldumarket.lt\/lt\/wp-json\/wp\/v2\/types\/product"}],"replies":[{"embeddable":true,"href":"https:\/\/baldumarket.lt\/lt\/wp-json\/wp\/v2\/comments?post=301743"}],"wp:featuredmedia":[{"embeddable":true,"href":"https:\/\/baldumarket.lt\/lt\/wp-json\/wp\/v2\/media\/301744"}],"wp:attachment":[{"href":"https:\/\/baldumarket.lt\/lt\/wp-json\/wp\/v2\/media?parent=301743"}],"wp:term":[{"taxonomy":"product_brand","embeddable":true,"href":"https:\/\/baldumarket.lt\/lt\/wp-json\/wp\/v2\/product_brand?post=301743"},{"taxonomy":"product_cat","embeddable":true,"href":"https:\/\/baldumarket.lt\/lt\/wp-json\/wp\/v2\/product_cat?post=301743"},{"taxonomy":"product_tag","embeddable":true,"href":"https:\/\/baldumarket.lt\/lt\/wp-json\/wp\/v2\/product_tag?post=301743"}],"curies":[{"name":"wp","href":"https:\/\/api.w.org\/{rel}","templated":true}]}}