{"id":301713,"date":"2026-01-15T17:56:15","date_gmt":"2026-01-15T14:56:15","guid":{"rendered":"https:\/\/baldumarket.lt\/product\/stolik-kawowy-2w1-aria-artisan-czarny-adrk\/"},"modified":"2026-02-11T18:12:08","modified_gmt":"2026-02-11T15:12:08","slug":"stolik-kawowy-2w1-aria-artisan-czarny-adrk","status":"publish","type":"product","link":"https:\/\/baldumarket.lt\/lt\/product\/stolik-kawowy-2w1-aria-artisan-czarny-adrk\/","title":{"rendered":"ARIA Artisan\/Black ADRK 2-in-1 kavos staliukas"},"content":{"rendered":"<p>ARIA komplekt\u0105 sudaro du skirtingo dyd\u017eio kvadratiniai stalai, kuriuos galima i\u0161d\u0117styti bet kokiu jums patinkan\u010diu b\u016bdu. Stalus taip pat galima naudoti kaip atskirus baldus. Sustumti jie u\u017eima labai ma\u017eai vietos, tod\u0117l puikiai tinka ma\u017eoms erdv\u0117ms. Raginame susipa\u017einti su kitais ARIA kolekcijos gaminiais.<\/p>","protected":false},"excerpt":{"rendered":"<p>Asambl\u0117ja<br \/>\nSavaranki\u0161kam surinkimui<br \/>\nProdukto svoris [kg]: 11<br \/>\nStalvir\u0161io forma<br \/>\nKvadratas<\/p>","protected":false},"featured_media":301714,"comment_status":"open","ping_status":"open","template":"","meta":[],"product_brand":[],"product_cat":[9201,866],"product_tag":[],"class_list":{"0":"post-301713","1":"product","2":"type-product","3":"status-publish","4":"has-post-thumbnail","6":"product_cat-adrk-furniture","7":"product_cat-coffee-tables","9":"first","10":"instock","11":"purchasable","12":"product-type-simple"},"_links":{"self":[{"href":"https:\/\/baldumarket.lt\/lt\/wp-json\/wp\/v2\/product\/301713","targetHints":{"allow":["GET"]}}],"collection":[{"href":"https:\/\/baldumarket.lt\/lt\/wp-json\/wp\/v2\/product"}],"about":[{"href":"https:\/\/baldumarket.lt\/lt\/wp-json\/wp\/v2\/types\/product"}],"replies":[{"embeddable":true,"href":"https:\/\/baldumarket.lt\/lt\/wp-json\/wp\/v2\/comments?post=301713"}],"wp:featuredmedia":[{"embeddable":true,"href":"https:\/\/baldumarket.lt\/lt\/wp-json\/wp\/v2\/media\/301714"}],"wp:attachment":[{"href":"https:\/\/baldumarket.lt\/lt\/wp-json\/wp\/v2\/media?parent=301713"}],"wp:term":[{"taxonomy":"product_brand","embeddable":true,"href":"https:\/\/baldumarket.lt\/lt\/wp-json\/wp\/v2\/product_brand?post=301713"},{"taxonomy":"product_cat","embeddable":true,"href":"https:\/\/baldumarket.lt\/lt\/wp-json\/wp\/v2\/product_cat?post=301713"},{"taxonomy":"product_tag","embeddable":true,"href":"https:\/\/baldumarket.lt\/lt\/wp-json\/wp\/v2\/product_tag?post=301713"}],"curies":[{"name":"wp","href":"https:\/\/api.w.org\/{rel}","templated":true}]}}