{"id":301703,"date":"2026-01-15T17:56:08","date_gmt":"2026-01-15T14:56:08","guid":{"rendered":"https:\/\/baldumarket.lt\/product\/szafka-niska-aria-artisan-czarny-adrk\/"},"modified":"2026-02-11T18:12:09","modified_gmt":"2026-02-11T15:12:09","slug":"szafka-niska-aria-artisan-czarny-adrk","status":"publish","type":"product","link":"https:\/\/baldumarket.lt\/lt\/product\/szafka-niska-aria-artisan-czarny-adrk\/","title":{"rendered":"ARIA Artisan\/juoda ADRK \u017eema spintel\u0117"},"content":{"rendered":"<p>\u0160i ARIA kolekcijos spintel\u0117 puikiai tinka svetainei, miegamajam ar prie\u0161kambariui. Ji patogiai susitvarko daiktus ir leid\u017eia lengvai susitvarkyti kambar\u012f. Jos modernus stilius tikrai pritrauks d\u0117mes\u012f. Paprasta, ta\u010diau funkcionali. Raginame susipa\u017einti su kitais ARIA kolekcijos gaminiais.<\/p>","protected":false},"excerpt":{"rendered":"<p>Plotis (cm): 150<br \/>\n\u016agis (cm): 50,8<br \/>\nGylis (cm): 40<br \/>\nAsambl\u0117ja<br \/>\nSavaranki\u0161kas surinkimas<br \/>\nProdukto svoris [kg]: 32<\/p>","protected":false},"featured_media":301704,"comment_status":"open","ping_status":"open","template":"","meta":[],"product_brand":[],"product_cat":[9201,9120],"product_tag":[],"class_list":{"0":"post-301703","1":"product","2":"type-product","3":"status-publish","4":"has-post-thumbnail","6":"product_cat-adrk-furniture","7":"product_cat-cabinets","9":"first","10":"instock","11":"purchasable","12":"product-type-simple"},"_links":{"self":[{"href":"https:\/\/baldumarket.lt\/lt\/wp-json\/wp\/v2\/product\/301703","targetHints":{"allow":["GET"]}}],"collection":[{"href":"https:\/\/baldumarket.lt\/lt\/wp-json\/wp\/v2\/product"}],"about":[{"href":"https:\/\/baldumarket.lt\/lt\/wp-json\/wp\/v2\/types\/product"}],"replies":[{"embeddable":true,"href":"https:\/\/baldumarket.lt\/lt\/wp-json\/wp\/v2\/comments?post=301703"}],"wp:featuredmedia":[{"embeddable":true,"href":"https:\/\/baldumarket.lt\/lt\/wp-json\/wp\/v2\/media\/301704"}],"wp:attachment":[{"href":"https:\/\/baldumarket.lt\/lt\/wp-json\/wp\/v2\/media?parent=301703"}],"wp:term":[{"taxonomy":"product_brand","embeddable":true,"href":"https:\/\/baldumarket.lt\/lt\/wp-json\/wp\/v2\/product_brand?post=301703"},{"taxonomy":"product_cat","embeddable":true,"href":"https:\/\/baldumarket.lt\/lt\/wp-json\/wp\/v2\/product_cat?post=301703"},{"taxonomy":"product_tag","embeddable":true,"href":"https:\/\/baldumarket.lt\/lt\/wp-json\/wp\/v2\/product_tag?post=301703"}],"curies":[{"name":"wp","href":"https:\/\/api.w.org\/{rel}","templated":true}]}}