{"id":301698,"date":"2026-01-15T17:56:04","date_gmt":"2026-01-15T14:56:04","guid":{"rendered":"https:\/\/baldumarket.lt\/product\/rtv-aria-artisan-czarny-adrk\/"},"modified":"2026-02-11T18:12:09","modified_gmt":"2026-02-11T15:12:09","slug":"rtv-aria-artisan-czarny-adrk","status":"publish","type":"product","link":"https:\/\/baldumarket.lt\/lt\/product\/rtv-aria-artisan-czarny-adrk\/","title":{"rendered":"RTV ARIA Artisan\/Black ADRK"},"content":{"rendered":"<p>ARIA televizoriaus staliukas pasi\u017eymi paprastu ir moderniu dizainu. Lentynos ir erdv\u016bs stal\u010diai suteikia daug vietos \u012frangai ir knygoms. ARIA dera tiek prie klasikinio, tiek prie modernaus interjero. Raginame susipa\u017einti su kitais ARIA kolekcijos elementais, kurie pad\u0117s skoningai \u012frengti j\u016bs\u0173 svetain\u0119.<\/p>","protected":false},"excerpt":{"rendered":"<p>Plotis (cm): 150<br \/>\n\u016agis (cm): 50,8<br \/>\nGylis (cm): 40<br \/>\nAsambl\u0117ja<br \/>\nSavaranki\u0161kas surinkimas<br \/>\nProdukto svoris [kg]: 32<\/p>","protected":false},"featured_media":301699,"comment_status":"open","ping_status":"open","template":"","meta":[],"product_brand":[],"product_cat":[9201,1175],"product_tag":[],"class_list":{"0":"post-301698","1":"product","2":"type-product","3":"status-publish","4":"has-post-thumbnail","6":"product_cat-adrk-furniture","7":"product_cat-tv-stands","9":"first","10":"instock","11":"purchasable","12":"product-type-simple"},"_links":{"self":[{"href":"https:\/\/baldumarket.lt\/lt\/wp-json\/wp\/v2\/product\/301698","targetHints":{"allow":["GET"]}}],"collection":[{"href":"https:\/\/baldumarket.lt\/lt\/wp-json\/wp\/v2\/product"}],"about":[{"href":"https:\/\/baldumarket.lt\/lt\/wp-json\/wp\/v2\/types\/product"}],"replies":[{"embeddable":true,"href":"https:\/\/baldumarket.lt\/lt\/wp-json\/wp\/v2\/comments?post=301698"}],"wp:featuredmedia":[{"embeddable":true,"href":"https:\/\/baldumarket.lt\/lt\/wp-json\/wp\/v2\/media\/301699"}],"wp:attachment":[{"href":"https:\/\/baldumarket.lt\/lt\/wp-json\/wp\/v2\/media?parent=301698"}],"wp:term":[{"taxonomy":"product_brand","embeddable":true,"href":"https:\/\/baldumarket.lt\/lt\/wp-json\/wp\/v2\/product_brand?post=301698"},{"taxonomy":"product_cat","embeddable":true,"href":"https:\/\/baldumarket.lt\/lt\/wp-json\/wp\/v2\/product_cat?post=301698"},{"taxonomy":"product_tag","embeddable":true,"href":"https:\/\/baldumarket.lt\/lt\/wp-json\/wp\/v2\/product_tag?post=301698"}],"curies":[{"name":"wp","href":"https:\/\/api.w.org\/{rel}","templated":true}]}}