{"id":301693,"date":"2026-01-15T17:56:01","date_gmt":"2026-01-15T14:56:01","guid":{"rendered":"https:\/\/baldumarket.lt\/product\/szafka-wysoka-aria-artisan-czarny-adrk\/"},"modified":"2026-02-11T18:12:09","modified_gmt":"2026-02-11T15:12:09","slug":"szafka-wysoka-aria-artisan-czarny-adrk","status":"publish","type":"product","link":"https:\/\/baldumarket.lt\/lt\/product\/szafka-wysoka-aria-artisan-czarny-adrk\/","title":{"rendered":"ARIA Artisan\/juoda ADRK auk\u0161ta spintel\u0117"},"content":{"rendered":"<p>Spinta ARIA puikiai tinka svetainei, miegamajam ar prie\u0161kambariui. Ji patogiai susitvarko daiktus. Erdvios lentynos leid\u017eia lengvai susitvarkyti kambar\u012f. Modernus stilius tikrai pritrauks d\u0117mes\u012f. Paprasta, ta\u010diau funkcionalu. Raginame susipa\u017einti su kitais ARIA kolekcijos gaminiais.<\/p>","protected":false},"excerpt":{"rendered":"<p>Plotis (cm): 60<br \/>\n\u016agis (cm): 200<br \/>\nGylis (cm): 40<br \/>\nAsambl\u0117ja<br \/>\nSavaranki\u0161kas surinkimas<br \/>\nProdukto svoris [kg]: 52<\/p>","protected":false},"featured_media":301694,"comment_status":"open","ping_status":"open","template":"","meta":[],"product_brand":[],"product_cat":[9201,1177],"product_tag":[],"class_list":{"0":"post-301693","1":"product","2":"type-product","3":"status-publish","4":"has-post-thumbnail","6":"product_cat-adrk-furniture","7":"product_cat-wardrobes","9":"first","10":"instock","11":"purchasable","12":"product-type-simple"},"_links":{"self":[{"href":"https:\/\/baldumarket.lt\/lt\/wp-json\/wp\/v2\/product\/301693","targetHints":{"allow":["GET"]}}],"collection":[{"href":"https:\/\/baldumarket.lt\/lt\/wp-json\/wp\/v2\/product"}],"about":[{"href":"https:\/\/baldumarket.lt\/lt\/wp-json\/wp\/v2\/types\/product"}],"replies":[{"embeddable":true,"href":"https:\/\/baldumarket.lt\/lt\/wp-json\/wp\/v2\/comments?post=301693"}],"wp:featuredmedia":[{"embeddable":true,"href":"https:\/\/baldumarket.lt\/lt\/wp-json\/wp\/v2\/media\/301694"}],"wp:attachment":[{"href":"https:\/\/baldumarket.lt\/lt\/wp-json\/wp\/v2\/media?parent=301693"}],"wp:term":[{"taxonomy":"product_brand","embeddable":true,"href":"https:\/\/baldumarket.lt\/lt\/wp-json\/wp\/v2\/product_brand?post=301693"},{"taxonomy":"product_cat","embeddable":true,"href":"https:\/\/baldumarket.lt\/lt\/wp-json\/wp\/v2\/product_cat?post=301693"},{"taxonomy":"product_tag","embeddable":true,"href":"https:\/\/baldumarket.lt\/lt\/wp-json\/wp\/v2\/product_tag?post=301693"}],"curies":[{"name":"wp","href":"https:\/\/api.w.org\/{rel}","templated":true}]}}