{"id":301688,"date":"2026-01-15T17:55:58","date_gmt":"2026-01-15T14:55:58","guid":{"rendered":"https:\/\/baldumarket.lt\/product\/witryna-niska-aria-artisan-czarny-adrk\/"},"modified":"2026-02-11T18:12:09","modified_gmt":"2026-02-11T15:12:09","slug":"witryna-niska-aria-artisan-czarny-adrk","status":"publish","type":"product","link":"https:\/\/baldumarket.lt\/lt\/product\/witryna-niska-aria-artisan-czarny-adrk\/","title":{"rendered":"ARIA Artisan \u017eema vitrina \/ juoda ADRK"},"content":{"rendered":"<p>\u0160i stilinga ARIA kolekcijos vitrina neabejotinai pakeis j\u016bs\u0173 namus. U\u017e stiklini\u0173 dureli\u0173 yra gilios lentynos, kuriose galite laikyti vertingus suvenyrus ar \u0161eimos nuotraukas, o erdvios spintel\u0117s suteikia papildomos vietos daiktams susid\u0117ti. ARIA kolekcija tikrai papildys daugum\u0105 interjer\u0173, suteikdama kambariui modern\u0173 ir eleganti\u0161k\u0105 dizain\u0105. Raginame susipa\u017einti su kitais ARIA kolekcijos elementais, kurie pad\u0117s jums skoningai \u012frengti savo namus.<\/p>","protected":false},"excerpt":{"rendered":"<p>Plotis (cm): 80<br \/>\n\u016agis (cm): 140<br \/>\nGylis (cm): 40<br \/>\nAsambl\u0117ja<br \/>\nSavaranki\u0161kas surinkimas<br \/>\nProdukto svoris [kg]: 52<\/p>","protected":false},"featured_media":301689,"comment_status":"open","ping_status":"open","template":"","meta":[],"product_brand":[],"product_cat":[9201,2006],"product_tag":[],"class_list":{"0":"post-301688","1":"product","2":"type-product","3":"status-publish","4":"has-post-thumbnail","6":"product_cat-adrk-furniture","7":"product_cat-vitrines","9":"first","10":"instock","11":"purchasable","12":"product-type-simple"},"_links":{"self":[{"href":"https:\/\/baldumarket.lt\/lt\/wp-json\/wp\/v2\/product\/301688","targetHints":{"allow":["GET"]}}],"collection":[{"href":"https:\/\/baldumarket.lt\/lt\/wp-json\/wp\/v2\/product"}],"about":[{"href":"https:\/\/baldumarket.lt\/lt\/wp-json\/wp\/v2\/types\/product"}],"replies":[{"embeddable":true,"href":"https:\/\/baldumarket.lt\/lt\/wp-json\/wp\/v2\/comments?post=301688"}],"wp:featuredmedia":[{"embeddable":true,"href":"https:\/\/baldumarket.lt\/lt\/wp-json\/wp\/v2\/media\/301689"}],"wp:attachment":[{"href":"https:\/\/baldumarket.lt\/lt\/wp-json\/wp\/v2\/media?parent=301688"}],"wp:term":[{"taxonomy":"product_brand","embeddable":true,"href":"https:\/\/baldumarket.lt\/lt\/wp-json\/wp\/v2\/product_brand?post=301688"},{"taxonomy":"product_cat","embeddable":true,"href":"https:\/\/baldumarket.lt\/lt\/wp-json\/wp\/v2\/product_cat?post=301688"},{"taxonomy":"product_tag","embeddable":true,"href":"https:\/\/baldumarket.lt\/lt\/wp-json\/wp\/v2\/product_tag?post=301688"}],"curies":[{"name":"wp","href":"https:\/\/api.w.org\/{rel}","templated":true}]}}