{"id":301679,"date":"2026-01-15T17:55:51","date_gmt":"2026-01-15T14:55:51","guid":{"rendered":"https:\/\/baldumarket.lt\/product\/komoda-parvin-sonoma-bialy-adrk\/"},"modified":"2026-02-11T18:12:09","modified_gmt":"2026-02-11T15:12:09","slug":"komoda-parvin-sonoma-bialy-adrk","status":"publish","type":"product","link":"https:\/\/baldumarket.lt\/lt\/product\/komoda-parvin-sonoma-bialy-adrk\/","title":{"rendered":"PARVIN Sonoma\/Balta ADRK komoda"},"content":{"rendered":"<p>Intriguojan\u010dio dizaino PARVIN komoda puikiai tiks j\u016bs\u0173 svetainei, miegamajam ar prie\u0161kambariui. Prakti\u0161ka ir funkcionali. Trys erdv\u016bs stal\u010diai leid\u017eia laikyti smulkius daiktus ar dokumentus, o spintel\u0117s su lentyna viduje suteikia papildomos vietos daiktams susid\u0117ti.<\/p>","protected":false},"excerpt":{"rendered":"<p>Plotis (cm): 103,4<br \/>\n\u016agis (cm): 70<br \/>\nGylis (cm): 37<br \/>\nAsambl\u0117ja<br \/>\nSavaranki\u0161kas surinkimas<br \/>\nProdukto svoris [kg]: 20<\/p>","protected":false},"featured_media":301680,"comment_status":"open","ping_status":"open","template":"","meta":[],"product_brand":[],"product_cat":[9201,1173],"product_tag":[],"class_list":{"0":"post-301679","1":"product","2":"type-product","3":"status-publish","4":"has-post-thumbnail","6":"product_cat-adrk-furniture","7":"product_cat-chests-of-drawers","9":"first","10":"instock","11":"purchasable","12":"product-type-simple"},"_links":{"self":[{"href":"https:\/\/baldumarket.lt\/lt\/wp-json\/wp\/v2\/product\/301679","targetHints":{"allow":["GET"]}}],"collection":[{"href":"https:\/\/baldumarket.lt\/lt\/wp-json\/wp\/v2\/product"}],"about":[{"href":"https:\/\/baldumarket.lt\/lt\/wp-json\/wp\/v2\/types\/product"}],"replies":[{"embeddable":true,"href":"https:\/\/baldumarket.lt\/lt\/wp-json\/wp\/v2\/comments?post=301679"}],"wp:featuredmedia":[{"embeddable":true,"href":"https:\/\/baldumarket.lt\/lt\/wp-json\/wp\/v2\/media\/301680"}],"wp:attachment":[{"href":"https:\/\/baldumarket.lt\/lt\/wp-json\/wp\/v2\/media?parent=301679"}],"wp:term":[{"taxonomy":"product_brand","embeddable":true,"href":"https:\/\/baldumarket.lt\/lt\/wp-json\/wp\/v2\/product_brand?post=301679"},{"taxonomy":"product_cat","embeddable":true,"href":"https:\/\/baldumarket.lt\/lt\/wp-json\/wp\/v2\/product_cat?post=301679"},{"taxonomy":"product_tag","embeddable":true,"href":"https:\/\/baldumarket.lt\/lt\/wp-json\/wp\/v2\/product_tag?post=301679"}],"curies":[{"name":"wp","href":"https:\/\/api.w.org\/{rel}","templated":true}]}}