{"id":301667,"date":"2026-01-15T17:55:41","date_gmt":"2026-01-15T14:55:41","guid":{"rendered":"https:\/\/baldumarket.lt\/product\/regal-kari-sonoma-adrk\/"},"modified":"2026-02-11T18:12:09","modified_gmt":"2026-02-11T15:12:09","slug":"regal-kari-sonoma-adrk","status":"publish","type":"product","link":"https:\/\/baldumarket.lt\/lt\/product\/regal-kari-sonoma-adrk\/","title":{"rendered":"KARI Sonoma ADRK knyg\u0173 spinta"},"content":{"rendered":"<p>KARI knyg\u0173 lentyna \u2013 ma\u017eas, paprastas, ta\u010diau ne\u012ftik\u0117tinai funkcionalus baldas. Joje yra kelios erdvios lentynos, tod\u0117l tai patogi vieta laikyti smulkius daiktus. Galite sulankstyti ir i\u0161skleisti spintel\u0119, priklausomai nuo to, kiek vietos jums reikia. Knyg\u0173 lentynos plotis svyruoja nuo 72,5 iki 125 cm!<\/p>","protected":false},"excerpt":{"rendered":"<p>\u016agis (cm): 83<br \/>\nGylis (cm): 24<br \/>\nAsambl\u0117ja<br \/>\nSavaranki\u0161kas surinkimas<br \/>\nProdukto svoris [kg]: 23<\/p>","protected":false},"featured_media":301668,"comment_status":"open","ping_status":"open","template":"","meta":[],"product_brand":[],"product_cat":[9201,1987],"product_tag":[],"class_list":{"0":"post-301667","1":"product","2":"type-product","3":"status-publish","4":"has-post-thumbnail","6":"product_cat-adrk-furniture","7":"product_cat-shelving-units","9":"first","10":"instock","11":"purchasable","12":"product-type-simple"},"_links":{"self":[{"href":"https:\/\/baldumarket.lt\/lt\/wp-json\/wp\/v2\/product\/301667","targetHints":{"allow":["GET"]}}],"collection":[{"href":"https:\/\/baldumarket.lt\/lt\/wp-json\/wp\/v2\/product"}],"about":[{"href":"https:\/\/baldumarket.lt\/lt\/wp-json\/wp\/v2\/types\/product"}],"replies":[{"embeddable":true,"href":"https:\/\/baldumarket.lt\/lt\/wp-json\/wp\/v2\/comments?post=301667"}],"wp:featuredmedia":[{"embeddable":true,"href":"https:\/\/baldumarket.lt\/lt\/wp-json\/wp\/v2\/media\/301668"}],"wp:attachment":[{"href":"https:\/\/baldumarket.lt\/lt\/wp-json\/wp\/v2\/media?parent=301667"}],"wp:term":[{"taxonomy":"product_brand","embeddable":true,"href":"https:\/\/baldumarket.lt\/lt\/wp-json\/wp\/v2\/product_brand?post=301667"},{"taxonomy":"product_cat","embeddable":true,"href":"https:\/\/baldumarket.lt\/lt\/wp-json\/wp\/v2\/product_cat?post=301667"},{"taxonomy":"product_tag","embeddable":true,"href":"https:\/\/baldumarket.lt\/lt\/wp-json\/wp\/v2\/product_tag?post=301667"}],"curies":[{"name":"wp","href":"https:\/\/api.w.org\/{rel}","templated":true}]}}