{"id":301627,"date":"2026-01-15T17:55:06","date_gmt":"2026-01-15T14:55:06","guid":{"rendered":"https:\/\/baldumarket.lt\/product\/regal-karmelo-bialy-adrk\/"},"modified":"2026-02-11T18:12:10","modified_gmt":"2026-02-11T15:12:10","slug":"regal-karmelo-bialy-adrk","status":"publish","type":"product","link":"https:\/\/baldumarket.lt\/lt\/product\/regal-karmelo-bialy-adrk\/","title":{"rendered":"KARMELO balta ADRK knyg\u0173 lentyna"},"content":{"rendered":"<p>KARMELO knyg\u0173 lentyna \u2013 paprastas, ta\u010diau ne\u012ftik\u0117tinai funkcionalus baldas. Joje yra kelios erdvios lentynos, tod\u0117l tai patogi vieta laikyti smulkius daiktus. Knyg\u0173 lentyn\u0105 galite sulankstyti ir i\u0161skleisti, priklausomai nuo to, kiek vietos jums reikia. Knyg\u0173 lentynos plotis svyruoja nuo 72,5 iki 125 cm!<\/p>","protected":false},"excerpt":{"rendered":"<p>\u016agis (cm): 188<br \/>\nGylis (cm): 33<br \/>\nAsambl\u0117ja<br \/>\nSavaranki\u0161kas surinkimas<br \/>\nProdukto svoris [kg]: 60<\/p>","protected":false},"featured_media":301628,"comment_status":"open","ping_status":"open","template":"","meta":[],"product_brand":[],"product_cat":[9201,1987],"product_tag":[],"class_list":{"0":"post-301627","1":"product","2":"type-product","3":"status-publish","4":"has-post-thumbnail","6":"product_cat-adrk-furniture","7":"product_cat-shelving-units","9":"first","10":"instock","11":"purchasable","12":"product-type-simple"},"_links":{"self":[{"href":"https:\/\/baldumarket.lt\/lt\/wp-json\/wp\/v2\/product\/301627","targetHints":{"allow":["GET"]}}],"collection":[{"href":"https:\/\/baldumarket.lt\/lt\/wp-json\/wp\/v2\/product"}],"about":[{"href":"https:\/\/baldumarket.lt\/lt\/wp-json\/wp\/v2\/types\/product"}],"replies":[{"embeddable":true,"href":"https:\/\/baldumarket.lt\/lt\/wp-json\/wp\/v2\/comments?post=301627"}],"wp:featuredmedia":[{"embeddable":true,"href":"https:\/\/baldumarket.lt\/lt\/wp-json\/wp\/v2\/media\/301628"}],"wp:attachment":[{"href":"https:\/\/baldumarket.lt\/lt\/wp-json\/wp\/v2\/media?parent=301627"}],"wp:term":[{"taxonomy":"product_brand","embeddable":true,"href":"https:\/\/baldumarket.lt\/lt\/wp-json\/wp\/v2\/product_brand?post=301627"},{"taxonomy":"product_cat","embeddable":true,"href":"https:\/\/baldumarket.lt\/lt\/wp-json\/wp\/v2\/product_cat?post=301627"},{"taxonomy":"product_tag","embeddable":true,"href":"https:\/\/baldumarket.lt\/lt\/wp-json\/wp\/v2\/product_tag?post=301627"}],"curies":[{"name":"wp","href":"https:\/\/api.w.org\/{rel}","templated":true}]}}