{"id":301539,"date":"2026-01-15T17:53:55","date_gmt":"2026-01-15T14:53:55","guid":{"rendered":"https:\/\/baldumarket.lt\/product\/lozko-pietrowe-trzyosobowe-artema-200x90-bialy-artisan-adrk\/"},"modified":"2026-02-11T18:12:13","modified_gmt":"2026-02-11T15:12:13","slug":"lozko-pietrowe-trzyosobowe-artema-200x90-bialy-artisan-adrk","status":"publish","type":"product","link":"https:\/\/baldumarket.lt\/lt\/product\/lozko-pietrowe-trzyosobowe-artema-200x90-bialy-artisan-adrk\/","title":{"rendered":"ARTEMA triviet\u0117 dviauk\u0161t\u0117 lova 200\u00d790 balta\/Artisan ADRK"},"content":{"rendered":"<p>Triviet\u0117 dviauk\u0161t\u0117 lova ARTEMA \u2013 puikus b\u016bdas sutaupyti vietos ma\u017eame vaik\u0173 kambaryje. Joje yra kop\u0117t\u0117l\u0117s ir du erdv\u016bs bei funkcional\u016bs stal\u010diai patalynei. \u010ciu\u017einiai \u012f komplekt\u0105 ne\u012feina.<\/p>","protected":false},"excerpt":{"rendered":"<p>Plotis (cm): 214<br \/>\n\u016agis (cm): 174<br \/>\nGylis (cm): 103<br \/>\nAsambl\u0117ja<br \/>\nSavaranki\u0161kas surinkimas<br \/>\nProdukto svoris [kg]: 106<br \/>\n\u010ciu\u017einio dydis<br \/>\n90&#215;200<\/p>","protected":false},"featured_media":301540,"comment_status":"open","ping_status":"open","template":"","meta":[],"product_brand":[],"product_cat":[9201,505],"product_tag":[],"class_list":{"0":"post-301539","1":"product","2":"type-product","3":"status-publish","4":"has-post-thumbnail","6":"product_cat-adrk-furniture","7":"product_cat-bedroom-beds","9":"first","10":"instock","11":"purchasable","12":"product-type-simple"},"_links":{"self":[{"href":"https:\/\/baldumarket.lt\/lt\/wp-json\/wp\/v2\/product\/301539","targetHints":{"allow":["GET"]}}],"collection":[{"href":"https:\/\/baldumarket.lt\/lt\/wp-json\/wp\/v2\/product"}],"about":[{"href":"https:\/\/baldumarket.lt\/lt\/wp-json\/wp\/v2\/types\/product"}],"replies":[{"embeddable":true,"href":"https:\/\/baldumarket.lt\/lt\/wp-json\/wp\/v2\/comments?post=301539"}],"wp:featuredmedia":[{"embeddable":true,"href":"https:\/\/baldumarket.lt\/lt\/wp-json\/wp\/v2\/media\/301540"}],"wp:attachment":[{"href":"https:\/\/baldumarket.lt\/lt\/wp-json\/wp\/v2\/media?parent=301539"}],"wp:term":[{"taxonomy":"product_brand","embeddable":true,"href":"https:\/\/baldumarket.lt\/lt\/wp-json\/wp\/v2\/product_brand?post=301539"},{"taxonomy":"product_cat","embeddable":true,"href":"https:\/\/baldumarket.lt\/lt\/wp-json\/wp\/v2\/product_cat?post=301539"},{"taxonomy":"product_tag","embeddable":true,"href":"https:\/\/baldumarket.lt\/lt\/wp-json\/wp\/v2\/product_tag?post=301539"}],"curies":[{"name":"wp","href":"https:\/\/api.w.org\/{rel}","templated":true}]}}