{"id":301433,"date":"2026-01-15T17:52:27","date_gmt":"2026-01-15T14:52:27","guid":{"rendered":"https:\/\/baldumarket.lt\/product\/lozko-pietrowe-ze-schodami-i-materacami-harell-bialy-adrk\/"},"modified":"2026-02-11T18:12:17","modified_gmt":"2026-02-11T15:12:17","slug":"lozko-pietrowe-ze-schodami-i-materacami-harell-bialy-adrk","status":"publish","type":"product","link":"https:\/\/baldumarket.lt\/lt\/product\/lozko-pietrowe-ze-schodami-i-materacami-harell-bialy-adrk\/","title":{"rendered":"Dviauk\u0161t\u0117 lova su laiptais ir \u010diu\u017einiais HARELL balta ADRK"},"content":{"rendered":"<p>Triviet\u0117 dviauk\u0161t\u0117 lova HARELL \u2013 puikus b\u016bdas sutaupyti vietos ma\u017eame vaik\u0173 kambaryje. Lova su laipteliais ne tik suteikia viet\u0105 miegui, bet ir idealiai tinka daiktams susid\u0117ti. Po kiekvienu laiptelio laipteliu yra skyriai, kuriuose yra papildomos vietos knygoms ar \u017eaislams. Lova parduodama su \u010diu\u017eini\u0173 komplektu: 200 \u00d7 90 cm put\u0173 poliuretano \u010diu\u017einys ir 200 \u00d7 120 cm \u201eBonnell\u201c spyruoklinis \u010diu\u017einys.<\/p>","protected":false},"excerpt":{"rendered":"<p>Plotis (cm): 260<br \/>\n\u016agis (cm): 155<br \/>\nGylis (cm): 129<br \/>\nAsambl\u0117ja<br \/>\nSavaranki\u0161kas surinkimas<br \/>\nProdukto svoris [kg]: 256<br \/>\n\u010ciu\u017einio dydis<br \/>\n120&#215;200<\/p>","protected":false},"featured_media":301434,"comment_status":"open","ping_status":"open","template":"","meta":[],"product_brand":[],"product_cat":[9201,505],"product_tag":[],"class_list":{"0":"post-301433","1":"product","2":"type-product","3":"status-publish","4":"has-post-thumbnail","6":"product_cat-adrk-furniture","7":"product_cat-bedroom-beds","9":"first","10":"instock","11":"purchasable","12":"product-type-simple"},"_links":{"self":[{"href":"https:\/\/baldumarket.lt\/lt\/wp-json\/wp\/v2\/product\/301433","targetHints":{"allow":["GET"]}}],"collection":[{"href":"https:\/\/baldumarket.lt\/lt\/wp-json\/wp\/v2\/product"}],"about":[{"href":"https:\/\/baldumarket.lt\/lt\/wp-json\/wp\/v2\/types\/product"}],"replies":[{"embeddable":true,"href":"https:\/\/baldumarket.lt\/lt\/wp-json\/wp\/v2\/comments?post=301433"}],"wp:featuredmedia":[{"embeddable":true,"href":"https:\/\/baldumarket.lt\/lt\/wp-json\/wp\/v2\/media\/301434"}],"wp:attachment":[{"href":"https:\/\/baldumarket.lt\/lt\/wp-json\/wp\/v2\/media?parent=301433"}],"wp:term":[{"taxonomy":"product_brand","embeddable":true,"href":"https:\/\/baldumarket.lt\/lt\/wp-json\/wp\/v2\/product_brand?post=301433"},{"taxonomy":"product_cat","embeddable":true,"href":"https:\/\/baldumarket.lt\/lt\/wp-json\/wp\/v2\/product_cat?post=301433"},{"taxonomy":"product_tag","embeddable":true,"href":"https:\/\/baldumarket.lt\/lt\/wp-json\/wp\/v2\/product_tag?post=301433"}],"curies":[{"name":"wp","href":"https:\/\/api.w.org\/{rel}","templated":true}]}}