{"id":301310,"date":"2026-01-15T17:50:52","date_gmt":"2026-01-15T14:50:52","guid":{"rendered":"https:\/\/baldumarket.lt\/product\/lozko-pietrowe-trzyosobowe-z-materacami-queen-200x90-bialy-adrk\/"},"modified":"2026-02-11T18:12:23","modified_gmt":"2026-02-11T15:12:23","slug":"lozko-pietrowe-trzyosobowe-z-materacami-queen-200x90-bialy-adrk","status":"publish","type":"product","link":"https:\/\/baldumarket.lt\/lt\/product\/lozko-pietrowe-trzyosobowe-z-materacami-queen-200x90-bialy-adrk\/","title":{"rendered":"Triviet\u0117 dviauk\u0161t\u0117 lova su QUEEN \u010diu\u017einiais 200\u00d790 balta ADRK"},"content":{"rendered":"<p>Triviet\u0117 dviauk\u0161t\u0117 lova \u201eQUEEN\u201c \u2013 puikus b\u016bdas sutaupyti vietos ma\u017eame vaik\u0173 kambaryje. Joje yra kop\u0117t\u0117l\u0117s ir du erdv\u016bs bei funkcional\u016bs stal\u010diai patalynei. Lova parduodama su trij\u0173 porolono \u010diu\u017eini\u0173 komplektu.<\/p>","protected":false},"excerpt":{"rendered":"<p>Plotis (cm): 210<br \/>\n\u016agis (cm): 186<br \/>\nGylis (cm): 97<br \/>\nAsambl\u0117ja<br \/>\nSavaranki\u0161kas surinkimas<br \/>\nProdukto svoris [kg]: 118<br \/>\n\u010ciu\u017einio dydis<br \/>\n90&#215;200<\/p>","protected":false},"featured_media":301311,"comment_status":"open","ping_status":"open","template":"","meta":[],"product_brand":[],"product_cat":[9201,505],"product_tag":[],"class_list":{"0":"post-301310","1":"product","2":"type-product","3":"status-publish","4":"has-post-thumbnail","6":"product_cat-adrk-furniture","7":"product_cat-bedroom-beds","9":"first","10":"instock","11":"purchasable","12":"product-type-simple"},"_links":{"self":[{"href":"https:\/\/baldumarket.lt\/lt\/wp-json\/wp\/v2\/product\/301310","targetHints":{"allow":["GET"]}}],"collection":[{"href":"https:\/\/baldumarket.lt\/lt\/wp-json\/wp\/v2\/product"}],"about":[{"href":"https:\/\/baldumarket.lt\/lt\/wp-json\/wp\/v2\/types\/product"}],"replies":[{"embeddable":true,"href":"https:\/\/baldumarket.lt\/lt\/wp-json\/wp\/v2\/comments?post=301310"}],"wp:featuredmedia":[{"embeddable":true,"href":"https:\/\/baldumarket.lt\/lt\/wp-json\/wp\/v2\/media\/301311"}],"wp:attachment":[{"href":"https:\/\/baldumarket.lt\/lt\/wp-json\/wp\/v2\/media?parent=301310"}],"wp:term":[{"taxonomy":"product_brand","embeddable":true,"href":"https:\/\/baldumarket.lt\/lt\/wp-json\/wp\/v2\/product_brand?post=301310"},{"taxonomy":"product_cat","embeddable":true,"href":"https:\/\/baldumarket.lt\/lt\/wp-json\/wp\/v2\/product_cat?post=301310"},{"taxonomy":"product_tag","embeddable":true,"href":"https:\/\/baldumarket.lt\/lt\/wp-json\/wp\/v2\/product_tag?post=301310"}],"curies":[{"name":"wp","href":"https:\/\/api.w.org\/{rel}","templated":true}]}}