{"id":301178,"date":"2026-01-15T17:49:07","date_gmt":"2026-01-15T14:49:07","guid":{"rendered":"https:\/\/baldumarket.lt\/product\/szafa-przesuwna-z-lustrem-erwin-235-sonoma-adrk\/"},"modified":"2026-02-11T18:12:26","modified_gmt":"2026-02-11T15:12:26","slug":"szafa-przesuwna-z-lustrem-erwin-235-sonoma-adrk","status":"publish","type":"product","link":"https:\/\/baldumarket.lt\/lt\/product\/szafa-przesuwna-z-lustrem-erwin-235-sonoma-adrk\/","title":{"rendered":"Stumdoma spinta su veidrod\u017eiu ERWIN 235 Sonoma ADRK"},"content":{"rendered":"<p>ERWIN stumdoma spinta su veidrod\u017eiu \u2013 puikus b\u016bdas sutvarkyti erdv\u0119. Joje yra erdvios lentynos ir pakaba suknel\u0117ms, kostium\u0117liams, vir\u0161utiniams drabu\u017eiams ir mar\u0161kiniams. Veidrod\u017eiai pritvirtinti priekyje, vizualiai padidindami erdv\u0119 ir suteikdami jai \u017eavesio. Kadangi spinta yra stumdoma, nereikia kurti papildomos erdv\u0117s durims atidaryti, tod\u0117l tai puikus sprendimas ma\u017eam kambariui ar siauram koridoriui.<\/p>","protected":false},"excerpt":{"rendered":"<p>Plotis (cm): 235<br \/>\n\u016agis (cm): 215<br \/>\nGylis (cm): 59<br \/>\nAsambl\u0117ja<br \/>\nSavaranki\u0161kas surinkimas<br \/>\nProdukto svoris [kg]: 215<\/p>","protected":false},"featured_media":301179,"comment_status":"open","ping_status":"open","template":"","meta":[],"product_brand":[],"product_cat":[9201,1177],"product_tag":[],"class_list":{"0":"post-301178","1":"product","2":"type-product","3":"status-publish","4":"has-post-thumbnail","6":"product_cat-adrk-furniture","7":"product_cat-wardrobes","9":"first","10":"instock","11":"purchasable","12":"product-type-simple"},"_links":{"self":[{"href":"https:\/\/baldumarket.lt\/lt\/wp-json\/wp\/v2\/product\/301178","targetHints":{"allow":["GET"]}}],"collection":[{"href":"https:\/\/baldumarket.lt\/lt\/wp-json\/wp\/v2\/product"}],"about":[{"href":"https:\/\/baldumarket.lt\/lt\/wp-json\/wp\/v2\/types\/product"}],"replies":[{"embeddable":true,"href":"https:\/\/baldumarket.lt\/lt\/wp-json\/wp\/v2\/comments?post=301178"}],"wp:featuredmedia":[{"embeddable":true,"href":"https:\/\/baldumarket.lt\/lt\/wp-json\/wp\/v2\/media\/301179"}],"wp:attachment":[{"href":"https:\/\/baldumarket.lt\/lt\/wp-json\/wp\/v2\/media?parent=301178"}],"wp:term":[{"taxonomy":"product_brand","embeddable":true,"href":"https:\/\/baldumarket.lt\/lt\/wp-json\/wp\/v2\/product_brand?post=301178"},{"taxonomy":"product_cat","embeddable":true,"href":"https:\/\/baldumarket.lt\/lt\/wp-json\/wp\/v2\/product_cat?post=301178"},{"taxonomy":"product_tag","embeddable":true,"href":"https:\/\/baldumarket.lt\/lt\/wp-json\/wp\/v2\/product_tag?post=301178"}],"curies":[{"name":"wp","href":"https:\/\/api.w.org\/{rel}","templated":true}]}}