{"id":301174,"date":"2026-01-15T17:49:04","date_gmt":"2026-01-15T14:49:04","guid":{"rendered":"https:\/\/baldumarket.lt\/product\/mebloscianka-smera-bialy-polysk-sonoma-adrk\/"},"modified":"2026-02-11T18:12:26","modified_gmt":"2026-02-11T15:12:26","slug":"mebloscianka-smera-bialy-polysk-sonoma-adrk","status":"publish","type":"product","link":"https:\/\/baldumarket.lt\/lt\/product\/mebloscianka-smera-bialy-polysk-sonoma-adrk\/","title":{"rendered":"SMERA sienin\u0117 spintel\u0117, blizgi balta\/Sonoma ADRK"},"content":{"rendered":"<p>SMERA sienin\u0117 spintel\u0117 yra i\u0161skirtinai funkcionalus baldas. J\u0105 sudaro dvi spintel\u0117s, prakti\u0161ka lentyna, kurioje galite laikyti m\u0117gstamas knygas ar artim\u0173j\u0173 nuotraukas, didel\u0117 vitrina, televizoriaus staliukas ir pakabinama lentyna. SMERA sienin\u0117 spintel\u0117 turi sulankstomas spinteles ir erdvias lentynas, tod\u0117l tai puiki vieta susitvarkyti b\u016btiniausius daiktus.<\/p>","protected":false},"excerpt":{"rendered":"<p>Plotis (cm): 300<br \/>\n\u016agis (cm): 196<br \/>\nGylis (cm): 45<br \/>\nAsambl\u0117ja<br \/>\nsavaranki\u0161kam surinkimui<br \/>\nProdukto svoris [kg]: 198<\/p>","protected":false},"featured_media":301175,"comment_status":"open","ping_status":"open","template":"","meta":[],"product_brand":[],"product_cat":[9201,2008],"product_tag":[],"class_list":{"0":"post-301174","1":"product","2":"type-product","3":"status-publish","4":"has-post-thumbnail","6":"product_cat-adrk-furniture","7":"product_cat-wall-units","9":"first","10":"instock","11":"purchasable","12":"product-type-simple"},"_links":{"self":[{"href":"https:\/\/baldumarket.lt\/lt\/wp-json\/wp\/v2\/product\/301174","targetHints":{"allow":["GET"]}}],"collection":[{"href":"https:\/\/baldumarket.lt\/lt\/wp-json\/wp\/v2\/product"}],"about":[{"href":"https:\/\/baldumarket.lt\/lt\/wp-json\/wp\/v2\/types\/product"}],"replies":[{"embeddable":true,"href":"https:\/\/baldumarket.lt\/lt\/wp-json\/wp\/v2\/comments?post=301174"}],"wp:featuredmedia":[{"embeddable":true,"href":"https:\/\/baldumarket.lt\/lt\/wp-json\/wp\/v2\/media\/301175"}],"wp:attachment":[{"href":"https:\/\/baldumarket.lt\/lt\/wp-json\/wp\/v2\/media?parent=301174"}],"wp:term":[{"taxonomy":"product_brand","embeddable":true,"href":"https:\/\/baldumarket.lt\/lt\/wp-json\/wp\/v2\/product_brand?post=301174"},{"taxonomy":"product_cat","embeddable":true,"href":"https:\/\/baldumarket.lt\/lt\/wp-json\/wp\/v2\/product_cat?post=301174"},{"taxonomy":"product_tag","embeddable":true,"href":"https:\/\/baldumarket.lt\/lt\/wp-json\/wp\/v2\/product_tag?post=301174"}],"curies":[{"name":"wp","href":"https:\/\/api.w.org\/{rel}","templated":true}]}}