{"id":301170,"date":"2026-01-15T17:49:00","date_gmt":"2026-01-15T14:49:00","guid":{"rendered":"https:\/\/baldumarket.lt\/product\/mebloscianka-mario-bialy-polysk-mont-blanc-dark-adrk\/"},"modified":"2026-02-11T18:12:26","modified_gmt":"2026-02-11T15:12:26","slug":"mebloscianka-mario-bialy-polysk-mont-blanc-dark-adrk","status":"publish","type":"product","link":"https:\/\/baldumarket.lt\/lt\/product\/mebloscianka-mario-bialy-polysk-mont-blanc-dark-adrk\/","title":{"rendered":"MARIO sienin\u0117 spintel\u0117, blizgi balta \/ tamsus Mont Blanc, ADRK"},"content":{"rendered":"<p>MARIO sienin\u0117 spintel\u0117 yra i\u0161skirtinai funkcionalus baldas. J\u0105 sudaro dvi spintel\u0117s, prakti\u0161ka lentyna, kurioje galite laikyti m\u0117gstamas knygas ar artim\u0173j\u0173 nuotraukas, didel\u0117 vitrina, televizoriaus staliukas ir pakabinama lentyna. MARIO sienin\u0117je spintel\u0117je yra erdvios spintel\u0117s ir erdvios lentynos, tod\u0117l tai puiki vieta susitvarkyti b\u016btiniausius daiktus.<\/p>","protected":false},"excerpt":{"rendered":"<p>Plotis (cm): 320<br \/>\n\u016agis (cm): 200<br \/>\nGylis (cm): 45<br \/>\nAsambl\u0117ja<br \/>\nSavaranki\u0161kas surinkimas<br \/>\nProdukto svoris [kg]: 228<\/p>","protected":false},"featured_media":301171,"comment_status":"open","ping_status":"open","template":"","meta":[],"product_brand":[],"product_cat":[9201,2008],"product_tag":[],"class_list":{"0":"post-301170","1":"product","2":"type-product","3":"status-publish","4":"has-post-thumbnail","6":"product_cat-adrk-furniture","7":"product_cat-wall-units","9":"first","10":"instock","11":"purchasable","12":"product-type-simple"},"_links":{"self":[{"href":"https:\/\/baldumarket.lt\/lt\/wp-json\/wp\/v2\/product\/301170","targetHints":{"allow":["GET"]}}],"collection":[{"href":"https:\/\/baldumarket.lt\/lt\/wp-json\/wp\/v2\/product"}],"about":[{"href":"https:\/\/baldumarket.lt\/lt\/wp-json\/wp\/v2\/types\/product"}],"replies":[{"embeddable":true,"href":"https:\/\/baldumarket.lt\/lt\/wp-json\/wp\/v2\/comments?post=301170"}],"wp:featuredmedia":[{"embeddable":true,"href":"https:\/\/baldumarket.lt\/lt\/wp-json\/wp\/v2\/media\/301171"}],"wp:attachment":[{"href":"https:\/\/baldumarket.lt\/lt\/wp-json\/wp\/v2\/media?parent=301170"}],"wp:term":[{"taxonomy":"product_brand","embeddable":true,"href":"https:\/\/baldumarket.lt\/lt\/wp-json\/wp\/v2\/product_brand?post=301170"},{"taxonomy":"product_cat","embeddable":true,"href":"https:\/\/baldumarket.lt\/lt\/wp-json\/wp\/v2\/product_cat?post=301170"},{"taxonomy":"product_tag","embeddable":true,"href":"https:\/\/baldumarket.lt\/lt\/wp-json\/wp\/v2\/product_tag?post=301170"}],"curies":[{"name":"wp","href":"https:\/\/api.w.org\/{rel}","templated":true}]}}