{"id":301166,"date":"2026-01-15T17:48:57","date_gmt":"2026-01-15T14:48:57","guid":{"rendered":"https:\/\/baldumarket.lt\/product\/komoda-marden-bialy-polysk-mont-blanc-dark-adrk\/"},"modified":"2026-02-11T18:12:26","modified_gmt":"2026-02-11T15:12:26","slug":"komoda-marden-bialy-polysk-mont-blanc-dark-adrk","status":"publish","type":"product","link":"https:\/\/baldumarket.lt\/lt\/product\/komoda-marden-bialy-polysk-mont-blanc-dark-adrk\/","title":{"rendered":"MARDEN komoda, blizgi balta \/ tamsus Mont Blanc, ADRK"},"content":{"rendered":"<p>MARDEN komoda puikiai tinka svetainei, miegamajam ar prie\u0161kambariui. D\u0117l durel\u0117mis ir stal\u010diais ji u\u017etikrina patog\u0173 daikt\u0173 laikym\u0105. MARDEN komoda neabejotinai tiks prie daugumos interjer\u0173, suteikdama kambariui modern\u0173 vaizd\u0105.<\/p>","protected":false},"excerpt":{"rendered":"<p>Plotis (cm): 130<br \/>\n\u016agis (cm): 86<br \/>\nGylis (cm): 39<br \/>\nAsambl\u0117ja<br \/>\nSavaranki\u0161kas surinkimas<br \/>\nProdukto svoris [kg]: 50<\/p>","protected":false},"featured_media":301167,"comment_status":"open","ping_status":"open","template":"","meta":[],"product_brand":[],"product_cat":[9201,1173],"product_tag":[],"class_list":{"0":"post-301166","1":"product","2":"type-product","3":"status-publish","4":"has-post-thumbnail","6":"product_cat-adrk-furniture","7":"product_cat-chests-of-drawers","9":"first","10":"instock","11":"purchasable","12":"product-type-simple"},"_links":{"self":[{"href":"https:\/\/baldumarket.lt\/lt\/wp-json\/wp\/v2\/product\/301166","targetHints":{"allow":["GET"]}}],"collection":[{"href":"https:\/\/baldumarket.lt\/lt\/wp-json\/wp\/v2\/product"}],"about":[{"href":"https:\/\/baldumarket.lt\/lt\/wp-json\/wp\/v2\/types\/product"}],"replies":[{"embeddable":true,"href":"https:\/\/baldumarket.lt\/lt\/wp-json\/wp\/v2\/comments?post=301166"}],"wp:featuredmedia":[{"embeddable":true,"href":"https:\/\/baldumarket.lt\/lt\/wp-json\/wp\/v2\/media\/301167"}],"wp:attachment":[{"href":"https:\/\/baldumarket.lt\/lt\/wp-json\/wp\/v2\/media?parent=301166"}],"wp:term":[{"taxonomy":"product_brand","embeddable":true,"href":"https:\/\/baldumarket.lt\/lt\/wp-json\/wp\/v2\/product_brand?post=301166"},{"taxonomy":"product_cat","embeddable":true,"href":"https:\/\/baldumarket.lt\/lt\/wp-json\/wp\/v2\/product_cat?post=301166"},{"taxonomy":"product_tag","embeddable":true,"href":"https:\/\/baldumarket.lt\/lt\/wp-json\/wp\/v2\/product_tag?post=301166"}],"curies":[{"name":"wp","href":"https:\/\/api.w.org\/{rel}","templated":true}]}}