{"id":301161,"date":"2026-01-15T17:48:54","date_gmt":"2026-01-15T14:48:54","guid":{"rendered":"https:\/\/baldumarket.lt\/product\/komoda-dwudrzwiowa-janez-artisan-czarny-adrk\/"},"modified":"2026-02-11T18:12:26","modified_gmt":"2026-02-11T15:12:26","slug":"komoda-dwudrzwiowa-janez-artisan-czarny-adrk","status":"publish","type":"product","link":"https:\/\/baldumarket.lt\/lt\/product\/komoda-dwudrzwiowa-janez-artisan-czarny-adrk\/","title":{"rendered":"JANEZ Artisan dviej\u0173 dur\u0173 komoda\/juoda ADRK"},"content":{"rendered":"<p>Dviej\u0173 dur\u0173 komoda i\u0161 JANEZ kolekcijos \u2013 idealus pasirinkimas svetainei, miegamajam ar prie\u0161kambariui. Tai puiki vieta laikyti smulkius daiktus. Apdaila dirbtinio \u0105\u017euolo medienos, JANEZ komoda pagyvina kambar\u012f ir suteikia jam stiliaus bei elegancijos. Raginame susipa\u017einti su kitais JANEZ kolekcijos gaminiais, kurie pad\u0117s jums susikurti savo interjer\u0105.<\/p>","protected":false},"excerpt":{"rendered":"<p>Plotis (cm): 93<br \/>\n\u016agis (cm): 120<br \/>\nGylis (cm): 38<br \/>\nAsambl\u0117ja<br \/>\nSavaranki\u0161kas surinkimas<br \/>\nProdukto svoris [kg]: 35<\/p>","protected":false},"featured_media":301162,"comment_status":"open","ping_status":"open","template":"","meta":[],"product_brand":[],"product_cat":[9201,1173],"product_tag":[],"class_list":{"0":"post-301161","1":"product","2":"type-product","3":"status-publish","4":"has-post-thumbnail","6":"product_cat-adrk-furniture","7":"product_cat-chests-of-drawers","9":"first","10":"instock","11":"purchasable","12":"product-type-simple"},"_links":{"self":[{"href":"https:\/\/baldumarket.lt\/lt\/wp-json\/wp\/v2\/product\/301161","targetHints":{"allow":["GET"]}}],"collection":[{"href":"https:\/\/baldumarket.lt\/lt\/wp-json\/wp\/v2\/product"}],"about":[{"href":"https:\/\/baldumarket.lt\/lt\/wp-json\/wp\/v2\/types\/product"}],"replies":[{"embeddable":true,"href":"https:\/\/baldumarket.lt\/lt\/wp-json\/wp\/v2\/comments?post=301161"}],"wp:featuredmedia":[{"embeddable":true,"href":"https:\/\/baldumarket.lt\/lt\/wp-json\/wp\/v2\/media\/301162"}],"wp:attachment":[{"href":"https:\/\/baldumarket.lt\/lt\/wp-json\/wp\/v2\/media?parent=301161"}],"wp:term":[{"taxonomy":"product_brand","embeddable":true,"href":"https:\/\/baldumarket.lt\/lt\/wp-json\/wp\/v2\/product_brand?post=301161"},{"taxonomy":"product_cat","embeddable":true,"href":"https:\/\/baldumarket.lt\/lt\/wp-json\/wp\/v2\/product_cat?post=301161"},{"taxonomy":"product_tag","embeddable":true,"href":"https:\/\/baldumarket.lt\/lt\/wp-json\/wp\/v2\/product_tag?post=301161"}],"curies":[{"name":"wp","href":"https:\/\/api.w.org\/{rel}","templated":true}]}}