{"id":301156,"date":"2026-01-15T17:48:50","date_gmt":"2026-01-15T14:48:50","guid":{"rendered":"https:\/\/baldumarket.lt\/product\/komoda-trzydrzwiowa-janez-artisan-czarny-adrk\/"},"modified":"2026-02-11T18:12:27","modified_gmt":"2026-02-11T15:12:27","slug":"komoda-trzydrzwiowa-janez-artisan-czarny-adrk","status":"publish","type":"product","link":"https:\/\/baldumarket.lt\/lt\/product\/komoda-trzydrzwiowa-janez-artisan-czarny-adrk\/","title":{"rendered":"JANEZ Artisan komoda su trimis durimis\/juoda ADRK"},"content":{"rendered":"<p>Trij\u0173 dur\u0173 komoda i\u0161 JANEZ kolekcijos \u2013 idealus pasirinkimas svetainei, miegamajam ar prie\u0161kambariui. Tai puiki vieta smulkiems daiktams laikyti. Apdaila dirbtinio \u0105\u017euolo medienos, JANEZ komoda pagyvins kambar\u012f ir suteiks stiliaus bei elegancijos. Raginame susipa\u017einti su kitais JANEZ kolekcijos gaminiais, kurie leis jums skoningai ir funkcionaliai \u012frengti savo interjer\u0105.<\/p>","protected":false},"excerpt":{"rendered":"<p>Plotis (cm): 150<br \/>\n\u016agis (cm): 102<br \/>\nGylis (cm): 47<br \/>\nAsambl\u0117ja<br \/>\nsavaranki\u0161kam surinkimui<br \/>\nProdukto svoris [kg]: 70<\/p>","protected":false},"featured_media":301157,"comment_status":"open","ping_status":"open","template":"","meta":[],"product_brand":[],"product_cat":[9201,1173],"product_tag":[],"class_list":{"0":"post-301156","1":"product","2":"type-product","3":"status-publish","4":"has-post-thumbnail","6":"product_cat-adrk-furniture","7":"product_cat-chests-of-drawers","9":"first","10":"instock","11":"purchasable","12":"product-type-simple"},"_links":{"self":[{"href":"https:\/\/baldumarket.lt\/lt\/wp-json\/wp\/v2\/product\/301156","targetHints":{"allow":["GET"]}}],"collection":[{"href":"https:\/\/baldumarket.lt\/lt\/wp-json\/wp\/v2\/product"}],"about":[{"href":"https:\/\/baldumarket.lt\/lt\/wp-json\/wp\/v2\/types\/product"}],"replies":[{"embeddable":true,"href":"https:\/\/baldumarket.lt\/lt\/wp-json\/wp\/v2\/comments?post=301156"}],"wp:featuredmedia":[{"embeddable":true,"href":"https:\/\/baldumarket.lt\/lt\/wp-json\/wp\/v2\/media\/301157"}],"wp:attachment":[{"href":"https:\/\/baldumarket.lt\/lt\/wp-json\/wp\/v2\/media?parent=301156"}],"wp:term":[{"taxonomy":"product_brand","embeddable":true,"href":"https:\/\/baldumarket.lt\/lt\/wp-json\/wp\/v2\/product_brand?post=301156"},{"taxonomy":"product_cat","embeddable":true,"href":"https:\/\/baldumarket.lt\/lt\/wp-json\/wp\/v2\/product_cat?post=301156"},{"taxonomy":"product_tag","embeddable":true,"href":"https:\/\/baldumarket.lt\/lt\/wp-json\/wp\/v2\/product_tag?post=301156"}],"curies":[{"name":"wp","href":"https:\/\/api.w.org\/{rel}","templated":true}]}}