{"id":301151,"date":"2026-01-15T17:48:46","date_gmt":"2026-01-15T14:48:46","guid":{"rendered":"https:\/\/baldumarket.lt\/product\/polka-wiszaca-janez-artisan-adrk\/"},"modified":"2026-02-11T18:12:27","modified_gmt":"2026-02-11T15:12:27","slug":"polka-wiszaca-janez-artisan-adrk","status":"publish","type":"product","link":"https:\/\/baldumarket.lt\/lt\/product\/polka-wiszaca-janez-artisan-adrk\/","title":{"rendered":"JANEZ Artisan ADRK pakabinama lentyna"},"content":{"rendered":"<p>Pakabinama lentyna i\u0161 JANEZ kolekcijos yra paprastas, bet funkcionalus baldas. Ant jos virtuv\u0117je galima laikyti prieskonius, svetain\u0117je \u2013 knygas, o svetain\u0117je \u2013 \u0161eimos nuotraukas. Raginame susipa\u017einti su kitais JANEZ kolekcijos gaminiais, kurie pad\u0117s skoningai \u012frengti namus.<\/p>","protected":false},"excerpt":{"rendered":"<p>Plotis (cm): 120<br \/>\n\u016agis (cm): 20<br \/>\nGylis (cm): 20<br \/>\nAsambl\u0117ja<br \/>\nSavaranki\u0161kas surinkimas<br \/>\nProdukto svoris [kg]: 7<\/p>","protected":false},"featured_media":301152,"comment_status":"open","ping_status":"open","template":"","meta":[],"product_brand":[],"product_cat":[9201,1174],"product_tag":[],"class_list":{"0":"post-301151","1":"product","2":"type-product","3":"status-publish","4":"has-post-thumbnail","6":"product_cat-adrk-furniture","7":"product_cat-hanging-shelves","9":"first","10":"instock","11":"purchasable","12":"product-type-simple"},"_links":{"self":[{"href":"https:\/\/baldumarket.lt\/lt\/wp-json\/wp\/v2\/product\/301151","targetHints":{"allow":["GET"]}}],"collection":[{"href":"https:\/\/baldumarket.lt\/lt\/wp-json\/wp\/v2\/product"}],"about":[{"href":"https:\/\/baldumarket.lt\/lt\/wp-json\/wp\/v2\/types\/product"}],"replies":[{"embeddable":true,"href":"https:\/\/baldumarket.lt\/lt\/wp-json\/wp\/v2\/comments?post=301151"}],"wp:featuredmedia":[{"embeddable":true,"href":"https:\/\/baldumarket.lt\/lt\/wp-json\/wp\/v2\/media\/301152"}],"wp:attachment":[{"href":"https:\/\/baldumarket.lt\/lt\/wp-json\/wp\/v2\/media?parent=301151"}],"wp:term":[{"taxonomy":"product_brand","embeddable":true,"href":"https:\/\/baldumarket.lt\/lt\/wp-json\/wp\/v2\/product_brand?post=301151"},{"taxonomy":"product_cat","embeddable":true,"href":"https:\/\/baldumarket.lt\/lt\/wp-json\/wp\/v2\/product_cat?post=301151"},{"taxonomy":"product_tag","embeddable":true,"href":"https:\/\/baldumarket.lt\/lt\/wp-json\/wp\/v2\/product_tag?post=301151"}],"curies":[{"name":"wp","href":"https:\/\/api.w.org\/{rel}","templated":true}]}}