{"id":301142,"date":"2026-01-15T17:48:39","date_gmt":"2026-01-15T14:48:39","guid":{"rendered":"https:\/\/baldumarket.lt\/product\/szafa-dwudrzwiowa-janez-artisan-czarny-adrk\/"},"modified":"2026-02-11T18:12:27","modified_gmt":"2026-02-11T15:12:27","slug":"szafa-dwudrzwiowa-janez-artisan-czarny-adrk","status":"publish","type":"product","link":"https:\/\/baldumarket.lt\/lt\/product\/szafa-dwudrzwiowa-janez-artisan-czarny-adrk\/","title":{"rendered":"JANEZ Artisan dviej\u0173 dur\u0173 spinta \/ juoda ADRK"},"content":{"rendered":"<p>Dviej\u0173 dur\u0173 spinta i\u0161 JANEZ kolekcijos \u2013 puikus pasirinkimas svetainei, miegamajam ar prie\u0161kambariui. Ji patogiai susitvarko daiktus. Su pakaba ir erdvia lentyna, ji leid\u017eia lengvai susitvarkyti kambar\u012f. Modernus stilius tikrai pritrauks d\u0117mes\u012f. Paprasta, ta\u010diau funkcionalu. Raginame susipa\u017einti su kitais JANEZ kolekcijos gaminiais.<\/p>","protected":false},"excerpt":{"rendered":"<p>Plotis (cm): 93<br \/>\n\u016agis (cm): 200<br \/>\nGylis (cm): 52<br \/>\nAsambl\u0117ja<br \/>\nSavaranki\u0161kas surinkimas<br \/>\nProdukto svoris [kg]: 65<\/p>","protected":false},"featured_media":301143,"comment_status":"open","ping_status":"open","template":"","meta":[],"product_brand":[],"product_cat":[9201,1177],"product_tag":[],"class_list":{"0":"post-301142","1":"product","2":"type-product","3":"status-publish","4":"has-post-thumbnail","6":"product_cat-adrk-furniture","7":"product_cat-wardrobes","9":"first","10":"instock","11":"purchasable","12":"product-type-simple"},"_links":{"self":[{"href":"https:\/\/baldumarket.lt\/lt\/wp-json\/wp\/v2\/product\/301142","targetHints":{"allow":["GET"]}}],"collection":[{"href":"https:\/\/baldumarket.lt\/lt\/wp-json\/wp\/v2\/product"}],"about":[{"href":"https:\/\/baldumarket.lt\/lt\/wp-json\/wp\/v2\/types\/product"}],"replies":[{"embeddable":true,"href":"https:\/\/baldumarket.lt\/lt\/wp-json\/wp\/v2\/comments?post=301142"}],"wp:featuredmedia":[{"embeddable":true,"href":"https:\/\/baldumarket.lt\/lt\/wp-json\/wp\/v2\/media\/301143"}],"wp:attachment":[{"href":"https:\/\/baldumarket.lt\/lt\/wp-json\/wp\/v2\/media?parent=301142"}],"wp:term":[{"taxonomy":"product_brand","embeddable":true,"href":"https:\/\/baldumarket.lt\/lt\/wp-json\/wp\/v2\/product_brand?post=301142"},{"taxonomy":"product_cat","embeddable":true,"href":"https:\/\/baldumarket.lt\/lt\/wp-json\/wp\/v2\/product_cat?post=301142"},{"taxonomy":"product_tag","embeddable":true,"href":"https:\/\/baldumarket.lt\/lt\/wp-json\/wp\/v2\/product_tag?post=301142"}],"curies":[{"name":"wp","href":"https:\/\/api.w.org\/{rel}","templated":true}]}}