{"id":299994,"date":"2026-01-15T17:34:14","date_gmt":"2026-01-15T14:34:14","guid":{"rendered":"https:\/\/baldumarket.lt\/product\/szafa-przesuwna-z-lustrem-toledo-180-sonoma-adrk\/"},"modified":"2026-02-11T18:12:52","modified_gmt":"2026-02-11T15:12:52","slug":"szafa-przesuwna-z-lustrem-toledo-180-sonoma-adrk","status":"publish","type":"product","link":"https:\/\/baldumarket.lt\/lt\/product\/szafa-przesuwna-z-lustrem-toledo-180-sonoma-adrk\/","title":{"rendered":"TOLEDO 180 Sonoma ADRK stumdoma spinta su veidrod\u017eiu"},"content":{"rendered":"<p>Stumdoma spinta su veidrod\u017eiu TOLEDO \u2013 puikus b\u016bdas sutvarkyti erdv\u0119. Joje yra erdvios lentynos ir pakaba suknel\u0117ms, kostium\u0117liams, vir\u0161utiniams drabu\u017eiams ar mar\u0161kiniams pakabinti. Priekyje pritvirtinti horizontal\u016bs veidrod\u017eiai vizualiai padidina erdv\u0119 ir suteikia stiliaus. Kadangi spinta yra stumdoma, nereikia kurti papildomos erdv\u0117s durims atidaryti, tod\u0117l tai puikus sprendimas ma\u017eam kambariui ar siauram koridoriui.<\/p>","protected":false},"excerpt":{"rendered":"<p>Plotis (cm): 180<br \/>\n\u016agis (cm): 215<br \/>\nGylis (cm): 58<br \/>\nAsambl\u0117ja<br \/>\nSavaranki\u0161kas surinkimas<br \/>\nProdukto svoris [kg]: 133<\/p>","protected":false},"featured_media":299995,"comment_status":"open","ping_status":"open","template":"","meta":[],"product_brand":[],"product_cat":[9201,1177],"product_tag":[],"class_list":{"0":"post-299994","1":"product","2":"type-product","3":"status-publish","4":"has-post-thumbnail","6":"product_cat-adrk-furniture","7":"product_cat-wardrobes","9":"first","10":"instock","11":"purchasable","12":"product-type-simple"},"_links":{"self":[{"href":"https:\/\/baldumarket.lt\/lt\/wp-json\/wp\/v2\/product\/299994","targetHints":{"allow":["GET"]}}],"collection":[{"href":"https:\/\/baldumarket.lt\/lt\/wp-json\/wp\/v2\/product"}],"about":[{"href":"https:\/\/baldumarket.lt\/lt\/wp-json\/wp\/v2\/types\/product"}],"replies":[{"embeddable":true,"href":"https:\/\/baldumarket.lt\/lt\/wp-json\/wp\/v2\/comments?post=299994"}],"wp:featuredmedia":[{"embeddable":true,"href":"https:\/\/baldumarket.lt\/lt\/wp-json\/wp\/v2\/media\/299995"}],"wp:attachment":[{"href":"https:\/\/baldumarket.lt\/lt\/wp-json\/wp\/v2\/media?parent=299994"}],"wp:term":[{"taxonomy":"product_brand","embeddable":true,"href":"https:\/\/baldumarket.lt\/lt\/wp-json\/wp\/v2\/product_brand?post=299994"},{"taxonomy":"product_cat","embeddable":true,"href":"https:\/\/baldumarket.lt\/lt\/wp-json\/wp\/v2\/product_cat?post=299994"},{"taxonomy":"product_tag","embeddable":true,"href":"https:\/\/baldumarket.lt\/lt\/wp-json\/wp\/v2\/product_tag?post=299994"}],"curies":[{"name":"wp","href":"https:\/\/api.w.org\/{rel}","templated":true}]}}