{"id":297149,"date":"2026-01-15T16:55:26","date_gmt":"2026-01-15T13:55:26","guid":{"rendered":"https:\/\/baldumarket.lt\/product\/szafa-przesuwna-z-lustrem-i-oswietleniem-led-rosette-180-czekolada-adrk\/"},"modified":"2026-02-11T18:13:49","modified_gmt":"2026-02-11T15:13:49","slug":"szafa-przesuwna-z-lustrem-i-oswietleniem-led-rosette-180-czekolada-adrk","status":"publish","type":"product","link":"https:\/\/baldumarket.lt\/lt\/product\/szafa-przesuwna-z-lustrem-i-oswietleniem-led-rosette-180-czekolada-adrk\/","title":{"rendered":"Stumdoma spinta su veidrod\u017eiu ir LED ap\u0161vietimu ROSETTE 180 \u0161okolado spalvos ADRK"},"content":{"rendered":"<p>ROSETTE stumdoma spinta su veidrod\u017eiu \u2013 puikus b\u016bdas sutvarkyti erdv\u0119. Joje yra erdvios lentynos ir pakaba suknel\u0117ms, kostium\u0117liams, vir\u0161utiniams drabu\u017eiams ir mar\u0161kiniams. Veidrod\u017eiai pritvirtinti priekyje, vizualiai padidinant erdv\u0119. Kadangi spinta yra stumdoma, nereikia kurti papildomos vietos durims atidaryti, tod\u0117l tai puikus sprendimas ma\u017eam kambariui ar siauram koridoriui. \u012edomus bruo\u017eas \u2013 ry\u0161kus LED ap\u0161vietimas, kuris suteikia nuostabaus \u017eavesio tiek spintai, tiek kambariui. Veidrodis centre.<\/p>","protected":false},"excerpt":{"rendered":"<p>Plotis (cm): 180<br \/>\n\u016agis (cm): 215<br \/>\nGylis (cm): 58<br \/>\nAsambl\u0117ja<br \/>\nSavaranki\u0161kas surinkimas<br \/>\nProdukto svoris [kg]: 134<\/p>","protected":false},"featured_media":297150,"comment_status":"open","ping_status":"open","template":"","meta":[],"product_brand":[],"product_cat":[9201,1177],"product_tag":[],"class_list":{"0":"post-297149","1":"product","2":"type-product","3":"status-publish","4":"has-post-thumbnail","6":"product_cat-adrk-furniture","7":"product_cat-wardrobes","9":"first","10":"instock","11":"purchasable","12":"product-type-simple"},"_links":{"self":[{"href":"https:\/\/baldumarket.lt\/lt\/wp-json\/wp\/v2\/product\/297149","targetHints":{"allow":["GET"]}}],"collection":[{"href":"https:\/\/baldumarket.lt\/lt\/wp-json\/wp\/v2\/product"}],"about":[{"href":"https:\/\/baldumarket.lt\/lt\/wp-json\/wp\/v2\/types\/product"}],"replies":[{"embeddable":true,"href":"https:\/\/baldumarket.lt\/lt\/wp-json\/wp\/v2\/comments?post=297149"}],"wp:featuredmedia":[{"embeddable":true,"href":"https:\/\/baldumarket.lt\/lt\/wp-json\/wp\/v2\/media\/297150"}],"wp:attachment":[{"href":"https:\/\/baldumarket.lt\/lt\/wp-json\/wp\/v2\/media?parent=297149"}],"wp:term":[{"taxonomy":"product_brand","embeddable":true,"href":"https:\/\/baldumarket.lt\/lt\/wp-json\/wp\/v2\/product_brand?post=297149"},{"taxonomy":"product_cat","embeddable":true,"href":"https:\/\/baldumarket.lt\/lt\/wp-json\/wp\/v2\/product_cat?post=297149"},{"taxonomy":"product_tag","embeddable":true,"href":"https:\/\/baldumarket.lt\/lt\/wp-json\/wp\/v2\/product_tag?post=297149"}],"curies":[{"name":"wp","href":"https:\/\/api.w.org\/{rel}","templated":true}]}}