{"id":296834,"date":"2026-01-15T16:51:07","date_gmt":"2026-01-15T13:51:07","guid":{"rendered":"https:\/\/baldumarket.lt\/product\/szafa-przesuwna-z-oswietleniem-led-antos-250-czekolada-adrk\/"},"modified":"2026-02-11T18:13:56","modified_gmt":"2026-02-11T15:13:56","slug":"szafa-przesuwna-z-oswietleniem-led-antos-250-czekolada-adrk","status":"publish","type":"product","link":"https:\/\/baldumarket.lt\/lt\/product\/szafa-przesuwna-z-oswietleniem-led-antos-250-czekolada-adrk\/","title":{"rendered":"Stumdoma spinta su LED ap\u0161vietimu ANTOS 250 \u0161okolado spalvos ADRK"},"content":{"rendered":"<p>Stumdoma spinta ANTOS \u2013 puikus b\u016bdas sutvarkyti erdv\u0119. Joje yra erdvios lentynos ir pakaba suknel\u0117ms, kostium\u0117liams, vir\u0161utiniams drabu\u017eiams ir mar\u0161kiniams. Kadangi spinta yra stumdoma, nereikia kurti papildomos vietos durims, tod\u0117l ji puikiai tinka ma\u017eam kambariui ar siauram koridoriui. Dar vienas \u012fdomus bruo\u017eas \u2013 ry\u0161kus LED ap\u0161vietimas, suteikiantis nuostabaus \u017eavesio tiek spintai, tiek kambariui.<\/p>","protected":false},"excerpt":{"rendered":"<p>Plotis (cm): 250<br \/>\n\u016agis (cm): 215<br \/>\nGylis (cm): 58<br \/>\nAsambl\u0117ja<br \/>\nSavaranki\u0161kas surinkimas<br \/>\nProdukto svoris [kg]: 186<\/p>","protected":false},"featured_media":296835,"comment_status":"open","ping_status":"open","template":"","meta":[],"product_brand":[],"product_cat":[9201,1177],"product_tag":[],"class_list":{"0":"post-296834","1":"product","2":"type-product","3":"status-publish","4":"has-post-thumbnail","6":"product_cat-adrk-furniture","7":"product_cat-wardrobes","9":"first","10":"instock","11":"purchasable","12":"product-type-simple"},"_links":{"self":[{"href":"https:\/\/baldumarket.lt\/lt\/wp-json\/wp\/v2\/product\/296834","targetHints":{"allow":["GET"]}}],"collection":[{"href":"https:\/\/baldumarket.lt\/lt\/wp-json\/wp\/v2\/product"}],"about":[{"href":"https:\/\/baldumarket.lt\/lt\/wp-json\/wp\/v2\/types\/product"}],"replies":[{"embeddable":true,"href":"https:\/\/baldumarket.lt\/lt\/wp-json\/wp\/v2\/comments?post=296834"}],"wp:featuredmedia":[{"embeddable":true,"href":"https:\/\/baldumarket.lt\/lt\/wp-json\/wp\/v2\/media\/296835"}],"wp:attachment":[{"href":"https:\/\/baldumarket.lt\/lt\/wp-json\/wp\/v2\/media?parent=296834"}],"wp:term":[{"taxonomy":"product_brand","embeddable":true,"href":"https:\/\/baldumarket.lt\/lt\/wp-json\/wp\/v2\/product_brand?post=296834"},{"taxonomy":"product_cat","embeddable":true,"href":"https:\/\/baldumarket.lt\/lt\/wp-json\/wp\/v2\/product_cat?post=296834"},{"taxonomy":"product_tag","embeddable":true,"href":"https:\/\/baldumarket.lt\/lt\/wp-json\/wp\/v2\/product_tag?post=296834"}],"curies":[{"name":"wp","href":"https:\/\/api.w.org\/{rel}","templated":true}]}}