{"id":296665,"date":"2026-01-15T16:48:56","date_gmt":"2026-01-15T13:48:56","guid":{"rendered":"https:\/\/baldumarket.lt\/product\/lozko-z-materacem-lena-bialy-adrk\/"},"modified":"2026-02-11T18:13:59","modified_gmt":"2026-02-11T15:13:59","slug":"lozko-z-materacem-lena-bialy-adrk","status":"publish","type":"product","link":"https:\/\/baldumarket.lt\/lt\/product\/lozko-z-materacem-lena-bialy-adrk\/","title":{"rendered":"Lova su \u010diu\u017einiu LENA balta ADRK"},"content":{"rendered":"<p>Viengul\u0117 lova LENA puikiai papildys berniuko ar mergait\u0117s kambar\u012f. \u0160\u012f model\u012f papildo apsauginis tur\u0117klas saugumui miego metu ir erdv\u016bs bei funkcional\u016bs stal\u010diai patalynei. Komplekt\u0105 taip pat sudaro patvarus r\u0117mas ir putplas\u010dio \u010diu\u017einys su u\u017etrauktuku u\u017evalkalu i\u0161 medviln\u0117s.<\/p>","protected":false},"excerpt":{"rendered":"<p>Plotis (cm): 91<br \/>\n\u016agis (cm): 75<br \/>\nGylis (cm): 165<br \/>\nAsambl\u0117ja<br \/>\nSavaranki\u0161kas surinkimas<br \/>\nProdukto svoris [kg]: 55<br \/>\n\u010ciu\u017einio dydis<br \/>\n75&#215;160<\/p>","protected":false},"featured_media":296666,"comment_status":"open","ping_status":"open","template":"","meta":[],"product_brand":[],"product_cat":[9201,505],"product_tag":[],"class_list":{"0":"post-296665","1":"product","2":"type-product","3":"status-publish","4":"has-post-thumbnail","6":"product_cat-adrk-furniture","7":"product_cat-bedroom-beds","9":"first","10":"instock","11":"purchasable","12":"product-type-simple"},"_links":{"self":[{"href":"https:\/\/baldumarket.lt\/lt\/wp-json\/wp\/v2\/product\/296665","targetHints":{"allow":["GET"]}}],"collection":[{"href":"https:\/\/baldumarket.lt\/lt\/wp-json\/wp\/v2\/product"}],"about":[{"href":"https:\/\/baldumarket.lt\/lt\/wp-json\/wp\/v2\/types\/product"}],"replies":[{"embeddable":true,"href":"https:\/\/baldumarket.lt\/lt\/wp-json\/wp\/v2\/comments?post=296665"}],"wp:featuredmedia":[{"embeddable":true,"href":"https:\/\/baldumarket.lt\/lt\/wp-json\/wp\/v2\/media\/296666"}],"wp:attachment":[{"href":"https:\/\/baldumarket.lt\/lt\/wp-json\/wp\/v2\/media?parent=296665"}],"wp:term":[{"taxonomy":"product_brand","embeddable":true,"href":"https:\/\/baldumarket.lt\/lt\/wp-json\/wp\/v2\/product_brand?post=296665"},{"taxonomy":"product_cat","embeddable":true,"href":"https:\/\/baldumarket.lt\/lt\/wp-json\/wp\/v2\/product_cat?post=296665"},{"taxonomy":"product_tag","embeddable":true,"href":"https:\/\/baldumarket.lt\/lt\/wp-json\/wp\/v2\/product_tag?post=296665"}],"curies":[{"name":"wp","href":"https:\/\/api.w.org\/{rel}","templated":true}]}}