{"id":296645,"date":"2026-01-15T16:48:41","date_gmt":"2026-01-15T13:48:41","guid":{"rendered":"https:\/\/baldumarket.lt\/product\/lozko-pietrowe-dwuosobowe-z-materacami-maraba-bialy-pomaranczowy-adrk\/"},"modified":"2026-02-11T18:13:59","modified_gmt":"2026-02-11T15:13:59","slug":"lozko-pietrowe-dwuosobowe-z-materacami-maraba-bialy-pomaranczowy-adrk","status":"publish","type":"product","link":"https:\/\/baldumarket.lt\/lt\/product\/lozko-pietrowe-dwuosobowe-z-materacami-maraba-bialy-pomaranczowy-adrk\/","title":{"rendered":"Dviauk\u0161t\u0117 lova su MARABA \u010diu\u017einiais, balta\/oran\u017ein\u0117, ADRK"},"content":{"rendered":"<p>Dviauk\u0161t\u0117 lova \u201eMARABA\u201c \u2013 puikus b\u016bdas sutaupyti vietos ma\u017eame vaik\u0173 kambaryje. Joje yra kop\u0117t\u0117l\u0117s ir du erdv\u016bs bei funkcional\u016bs patalyn\u0117s stal\u010diai. Be to, dviejuose lygiuose yra apsauginiai tur\u0117klai, u\u017etikrinantys didesn\u012f saugum\u0105 miegant. Lova tiekiama su put\u0173 poliuretano \u010diu\u017einiais su u\u017etrauktukais u\u017esegamais medvilniniais u\u017evalkalais.<\/p>","protected":false},"excerpt":{"rendered":"<p>Plotis (cm): 81<br \/>\n\u016agis (cm): 160<br \/>\nGylis (cm): 188<br \/>\nAsambl\u0117ja<br \/>\nSavaranki\u0161kas surinkimas<br \/>\nProdukto svoris [kg]: 64<br \/>\n\u010ciu\u017einio dydis<br \/>\n75&#215;180<\/p>","protected":false},"featured_media":296646,"comment_status":"open","ping_status":"open","template":"","meta":[],"product_brand":[],"product_cat":[9201,505],"product_tag":[],"class_list":{"0":"post-296645","1":"product","2":"type-product","3":"status-publish","4":"has-post-thumbnail","6":"product_cat-adrk-furniture","7":"product_cat-bedroom-beds","9":"first","10":"instock","11":"purchasable","12":"product-type-simple"},"_links":{"self":[{"href":"https:\/\/baldumarket.lt\/lt\/wp-json\/wp\/v2\/product\/296645","targetHints":{"allow":["GET"]}}],"collection":[{"href":"https:\/\/baldumarket.lt\/lt\/wp-json\/wp\/v2\/product"}],"about":[{"href":"https:\/\/baldumarket.lt\/lt\/wp-json\/wp\/v2\/types\/product"}],"replies":[{"embeddable":true,"href":"https:\/\/baldumarket.lt\/lt\/wp-json\/wp\/v2\/comments?post=296645"}],"wp:featuredmedia":[{"embeddable":true,"href":"https:\/\/baldumarket.lt\/lt\/wp-json\/wp\/v2\/media\/296646"}],"wp:attachment":[{"href":"https:\/\/baldumarket.lt\/lt\/wp-json\/wp\/v2\/media?parent=296645"}],"wp:term":[{"taxonomy":"product_brand","embeddable":true,"href":"https:\/\/baldumarket.lt\/lt\/wp-json\/wp\/v2\/product_brand?post=296645"},{"taxonomy":"product_cat","embeddable":true,"href":"https:\/\/baldumarket.lt\/lt\/wp-json\/wp\/v2\/product_cat?post=296645"},{"taxonomy":"product_tag","embeddable":true,"href":"https:\/\/baldumarket.lt\/lt\/wp-json\/wp\/v2\/product_tag?post=296645"}],"curies":[{"name":"wp","href":"https:\/\/api.w.org\/{rel}","templated":true}]}}